{"id":1097,"date":"2023-07-22T22:30:50","date_gmt":"2023-07-22T20:30:50","guid":{"rendered":"https:\/\/photos.weberfam07.de\/?page_id=1097"},"modified":"2024-12-08T21:49:30","modified_gmt":"2024-12-08T20:49:30","slug":"freizeit","status":"publish","type":"page","link":"https:\/\/photos.weberfam07.de\/?page_id=1097","title":{"rendered":"Freizeit"},"content":{"rendered":"<ul class=\"wp-block-latest-posts__list is-grid columns-2 wp-block-latest-posts\"><li><div class=\"wp-block-latest-posts__featured-image alignleft\"><a href=\"https:\/\/photos.weberfam07.de\/?p=1089\" aria-label=\"Carolin malt und bastelt, Luis bastelt\"><img loading=\"lazy\" decoding=\"async\" width=\"150\" height=\"150\" src=\"https:\/\/photos.weberfam07.de\/wp-content\/uploads\/2023\/07\/20210214_121216-150x150.jpg\" class=\"attachment-thumbnail size-thumbnail wp-post-image\" alt=\"\" style=\"max-width:150px;max-height:150px;\" srcset=\"https:\/\/photos.weberfam07.de\/wp-content\/uploads\/2023\/07\/20210214_121216-150x150.jpg 150w, https:\/\/photos.weberfam07.de\/wp-content\/uploads\/2023\/07\/20210214_121216-300x300.jpg 300w, https:\/\/photos.weberfam07.de\/wp-content\/uploads\/2023\/07\/20210214_121216.jpg 320w\" sizes=\"auto, (max-width: 150px) 100vw, 150px\" \/><\/a><\/div><a class=\"wp-block-latest-posts__post-title\" href=\"https:\/\/photos.weberfam07.de\/?p=1089\">Carolin malt und bastelt, Luis bastelt<\/a><div class=\"wp-block-latest-posts__post-excerpt\">Carolin ist die K\u00fcnstlerin in der Familie. Schon von klein an hat sie immer ganz viel gebastelt und gemalt. Jeden Monat kommen mehrere neue Bilder &hellip; <a href=\"https:\/\/photos.weberfam07.de\/?p=1089\">Weiter<\/a><\/div><\/li>\n<li><div class=\"wp-block-latest-posts__featured-image alignleft\"><a href=\"https:\/\/photos.weberfam07.de\/?p=1371\" aria-label=\"Luis fotografiert\"><img loading=\"lazy\" decoding=\"async\" width=\"150\" height=\"150\" src=\"https:\/\/photos.weberfam07.de\/wp-content\/uploads\/2023\/10\/Park-00734-150x150.jpg\" class=\"attachment-thumbnail size-thumbnail wp-post-image\" alt=\"\" style=\"max-width:150px;max-height:150px;\" srcset=\"https:\/\/photos.weberfam07.de\/wp-content\/uploads\/2023\/10\/Park-00734-150x150.jpg 150w, https:\/\/photos.weberfam07.de\/wp-content\/uploads\/2023\/10\/Park-00734-300x300.jpg 300w, https:\/\/photos.weberfam07.de\/wp-content\/uploads\/2023\/10\/Park-00734.jpg 320w\" sizes=\"auto, (max-width: 150px) 100vw, 150px\" \/><\/a><\/div><a class=\"wp-block-latest-posts__post-title\" href=\"https:\/\/photos.weberfam07.de\/?p=1371\">Luis fotografiert<\/a><div class=\"wp-block-latest-posts__post-excerpt\">Luis hat das Fotografieren f\u00fcr sich entdeckt. Nicht nur mit dem Handy und der Actioncam &#8230; er zieht auch regelm\u00e4\u00dfig mit der gro\u00dfen Kamera los, &hellip; <a href=\"https:\/\/photos.weberfam07.de\/?p=1371\">Weiter<\/a><\/div><\/li>\n<li><div class=\"wp-block-latest-posts__featured-image alignleft\"><a href=\"https:\/\/photos.weberfam07.de\/?p=1070\" aria-label=\"Ramona backt\"><img loading=\"lazy\" decoding=\"async\" width=\"150\" height=\"150\" src=\"https:\/\/photos.weberfam07.de\/wp-content\/uploads\/2023\/07\/20230518_151025-150x150.jpg\" class=\"attachment-thumbnail size-thumbnail wp-post-image\" alt=\"\" style=\"max-width:150px;max-height:150px;\" srcset=\"https:\/\/photos.weberfam07.de\/wp-content\/uploads\/2023\/07\/20230518_151025-150x150.jpg 150w, https:\/\/photos.weberfam07.de\/wp-content\/uploads\/2023\/07\/20230518_151025-300x300.jpg 300w, https:\/\/photos.weberfam07.de\/wp-content\/uploads\/2023\/07\/20230518_151025.jpg 320w\" sizes=\"auto, (max-width: 150px) 100vw, 150px\" \/><\/a><\/div><a class=\"wp-block-latest-posts__post-title\" href=\"https:\/\/photos.weberfam07.de\/?p=1070\">Ramona backt<\/a><div class=\"wp-block-latest-posts__post-excerpt\">Ramona backt und kocht f\u00fcr ihr Leben gern \ud83d\ude0a. Egal, ob Br\u00f6tchen, Stangen oder Kranz &#8230; Mixed Pickles, Sirup oder Lik\u00f6re &#8230; alles, was sie &hellip; <a href=\"https:\/\/photos.weberfam07.de\/?p=1070\">Weiter<\/a><\/div><\/li>\n<li><div class=\"wp-block-latest-posts__featured-image alignleft\"><a href=\"https:\/\/photos.weberfam07.de\/?p=1086\" aria-label=\"Ramona n\u00e4ht, strickt und bastelt\"><img loading=\"lazy\" decoding=\"async\" width=\"150\" height=\"150\" src=\"https:\/\/photos.weberfam07.de\/wp-content\/uploads\/2023\/07\/20210322_170202-150x150.jpg\" class=\"attachment-thumbnail size-thumbnail wp-post-image\" alt=\"\" style=\"max-width:150px;max-height:150px;\" srcset=\"https:\/\/photos.weberfam07.de\/wp-content\/uploads\/2023\/07\/20210322_170202-150x150.jpg 150w, https:\/\/photos.weberfam07.de\/wp-content\/uploads\/2023\/07\/20210322_170202-300x300.jpg 300w, https:\/\/photos.weberfam07.de\/wp-content\/uploads\/2023\/07\/20210322_170202.jpg 320w\" sizes=\"auto, (max-width: 150px) 100vw, 150px\" \/><\/a><\/div><a class=\"wp-block-latest-posts__post-title\" href=\"https:\/\/photos.weberfam07.de\/?p=1086\">Ramona n\u00e4ht, strickt und bastelt<\/a><div class=\"wp-block-latest-posts__post-excerpt\">Ramona liebt Handarbeit &#8230; egal ob Basteln, Stricken oder Steine Bemalen. Immer kommen ganz tolle Sachen dabei heraus. Aber am meisten Spa\u00df macht ihr das &hellip; <a href=\"https:\/\/photos.weberfam07.de\/?p=1086\">Weiter<\/a><\/div><\/li>\n<\/ul>\n\n\n<div style=\"height:80px\" aria-hidden=\"true\" class=\"wp-block-spacer\"><\/div>\n\n\n<ul class=\"wp-block-latest-posts__list is-grid columns-2 wp-block-latest-posts\"><li><div class=\"wp-block-latest-posts__featured-image alignleft\"><a href=\"https:\/\/photos.weberfam07.de\/?p=611\" aria-label=\"Berliner Spazierg\u00e4nge\"><img loading=\"lazy\" decoding=\"async\" width=\"150\" height=\"150\" src=\"https:\/\/photos.weberfam07.de\/wp-content\/uploads\/2023\/07\/20230514_161932-150x150.jpg\" class=\"attachment-thumbnail size-thumbnail wp-post-image\" alt=\"\" style=\"max-width:150px;max-height:150px;\" srcset=\"https:\/\/photos.weberfam07.de\/wp-content\/uploads\/2023\/07\/20230514_161932-150x150.jpg 150w, https:\/\/photos.weberfam07.de\/wp-content\/uploads\/2023\/07\/20230514_161932-300x300.jpg 300w, https:\/\/photos.weberfam07.de\/wp-content\/uploads\/2023\/07\/20230514_161932.jpg 320w\" sizes=\"auto, (max-width: 150px) 100vw, 150px\" \/><\/a><\/div><a class=\"wp-block-latest-posts__post-title\" href=\"https:\/\/photos.weberfam07.de\/?p=611\">Berliner Spazierg\u00e4nge<\/a><div class=\"wp-block-latest-posts__post-excerpt\">Berlin ist sch\u00f6n \ud83d\ude42 &#8230; und das nicht nur dort, wo wir wohnen, sondern \u00fcberall. Jeder Kiez von Berlin hat seine Besonderheiten, seine sch\u00f6nen Ecken &hellip; <a href=\"https:\/\/photos.weberfam07.de\/?p=611\">Weiter<\/a><\/div><\/li>\n<li><div class=\"wp-block-latest-posts__featured-image alignleft\"><a href=\"https:\/\/photos.weberfam07.de\/?p=650\" aria-label=\"Unsere sch\u00f6nsten Fahrradtouren\"><img loading=\"lazy\" decoding=\"async\" width=\"150\" height=\"150\" src=\"https:\/\/photos.weberfam07.de\/wp-content\/uploads\/2023\/07\/20230514_162131-150x150.jpg\" class=\"attachment-thumbnail size-thumbnail wp-post-image\" alt=\"\" style=\"max-width:150px;max-height:150px;\" srcset=\"https:\/\/photos.weberfam07.de\/wp-content\/uploads\/2023\/07\/20230514_162131-150x150.jpg 150w, https:\/\/photos.weberfam07.de\/wp-content\/uploads\/2023\/07\/20230514_162131-300x300.jpg 300w, https:\/\/photos.weberfam07.de\/wp-content\/uploads\/2023\/07\/20230514_162131.jpg 320w\" sizes=\"auto, (max-width: 150px) 100vw, 150px\" \/><\/a><\/div><a class=\"wp-block-latest-posts__post-title\" href=\"https:\/\/photos.weberfam07.de\/?p=650\">Unsere sch\u00f6nsten Fahrradtouren<\/a><div class=\"wp-block-latest-posts__post-excerpt\">Wir lieben Fahrradfahren. Hier findet ihr eine Auswahl unserer sch\u00f6nsten Fahrradtouren.<\/div><\/li>\n<li><div class=\"wp-block-latest-posts__featured-image alignleft\"><a href=\"https:\/\/photos.weberfam07.de\/?p=647\" aria-label=\"Unsere sch\u00f6nsten Wanderungen\"><img loading=\"lazy\" decoding=\"async\" width=\"140\" height=\"150\" src=\"https:\/\/photos.weberfam07.de\/wp-content\/uploads\/2023\/07\/20200503_183754-140x150.jpg\" class=\"attachment-thumbnail size-thumbnail wp-post-image\" alt=\"\" style=\"max-width:150px;max-height:150px;\" \/><\/a><\/div><a class=\"wp-block-latest-posts__post-title\" href=\"https:\/\/photos.weberfam07.de\/?p=647\">Unsere sch\u00f6nsten Wanderungen<\/a><div class=\"wp-block-latest-posts__post-excerpt\">Wandern macht Spa\u00df :-). Hier findet ihr eine Auswahl unserer sch\u00f6nsten Wanderungen. Und noch mehr gibt es bei unseren Berliner Spazierg\u00e4ngen.<\/div><\/li>\n<\/ul>","protected":false},"excerpt":{"rendered":"","protected":false},"author":1,"featured_media":0,"parent":0,"menu_order":0,"comment_status":"closed","ping_status":"closed","template":"","meta":{"kt_blocks_editor_width":"","footnotes":""},"class_list":["post-1097","page","type-page","status-publish","hentry"],"_links":{"self":[{"href":"https:\/\/photos.weberfam07.de\/index.php?rest_route=\/wp\/v2\/pages\/1097","targetHints":{"allow":["GET"]}}],"collection":[{"href":"https:\/\/photos.weberfam07.de\/index.php?rest_route=\/wp\/v2\/pages"}],"about":[{"href":"https:\/\/photos.weberfam07.de\/index.php?rest_route=\/wp\/v2\/types\/page"}],"author":[{"embeddable":true,"href":"https:\/\/photos.weberfam07.de\/index.php?rest_route=\/wp\/v2\/users\/1"}],"replies":[{"embeddable":true,"href":"https:\/\/photos.weberfam07.de\/index.php?rest_route=%2Fwp%2Fv2%2Fcomments&post=1097"}],"version-history":[{"count":7,"href":"https:\/\/photos.weberfam07.de\/index.php?rest_route=\/wp\/v2\/pages\/1097\/revisions"}],"predecessor-version":[{"id":1997,"href":"https:\/\/photos.weberfam07.de\/index.php?rest_route=\/wp\/v2\/pages\/1097\/revisions\/1997"}],"wp:attachment":[{"href":"https:\/\/photos.weberfam07.de\/index.php?rest_route=%2Fwp%2Fv2%2Fmedia&parent=1097"}],"curies":[{"name":"wp","href":"https:\/\/api.w.org\/{rel}","templated":true}]}}