{"id":1640,"date":"2024-02-03T18:44:41","date_gmt":"2024-02-03T17:44:41","guid":{"rendered":"https:\/\/photos.weberfam07.de\/?page_id=1640"},"modified":"2024-11-29T09:27:12","modified_gmt":"2024-11-29T08:27:12","slug":"fotos-2024","status":"publish","type":"page","link":"https:\/\/photos.weberfam07.de\/?page_id=1640","title":{"rendered":"Fotos 2024"},"content":{"rendered":"<ul class=\"wp-block-latest-posts__list is-grid columns-2 wp-block-latest-posts\"><li><div class=\"wp-block-latest-posts__featured-image alignleft\"><a href=\"https:\/\/photos.weberfam07.de\/?p=2045\" aria-label=\"Dezember 2024\"><img loading=\"lazy\" decoding=\"async\" width=\"150\" height=\"150\" src=\"https:\/\/photos.weberfam07.de\/wp-content\/uploads\/2025\/02\/20241224_192720-150x150.jpg\" class=\"attachment-thumbnail size-thumbnail wp-post-image\" alt=\"\" style=\"max-width:150px;max-height:150px;\" srcset=\"https:\/\/photos.weberfam07.de\/wp-content\/uploads\/2025\/02\/20241224_192720-150x150.jpg 150w, https:\/\/photos.weberfam07.de\/wp-content\/uploads\/2025\/02\/20241224_192720-300x300.jpg 300w, https:\/\/photos.weberfam07.de\/wp-content\/uploads\/2025\/02\/20241224_192720.jpg 320w\" sizes=\"auto, (max-width: 150px) 100vw, 150px\" \/><\/a><\/div><a class=\"wp-block-latest-posts__post-title\" href=\"https:\/\/photos.weberfam07.de\/?p=2045\">Dezember 2024<\/a><div class=\"wp-block-latest-posts__post-excerpt\">Dezember &#8230; Vorweihnachtszeit \ud83c\udf6a\ud83c\udf84. Gleich zu Monatsanfang bringt der Nikolaus schon viele Geschenke. Luis muss noch schnell 50 Briefe f\u00fcr den JGW verschicken. Dann schm\u00fccken &hellip; <a href=\"https:\/\/photos.weberfam07.de\/?p=2045\">Weiter<\/a><\/div><\/li>\n<li><div class=\"wp-block-latest-posts__featured-image alignleft\"><a href=\"https:\/\/photos.weberfam07.de\/?p=1960\" aria-label=\"November 2024\"><img loading=\"lazy\" decoding=\"async\" width=\"150\" height=\"150\" src=\"https:\/\/photos.weberfam07.de\/wp-content\/uploads\/2024\/12\/20241120_000945-150x150.jpg\" class=\"attachment-thumbnail size-thumbnail wp-post-image\" alt=\"\" style=\"max-width:150px;max-height:150px;\" srcset=\"https:\/\/photos.weberfam07.de\/wp-content\/uploads\/2024\/12\/20241120_000945-150x150.jpg 150w, https:\/\/photos.weberfam07.de\/wp-content\/uploads\/2024\/12\/20241120_000945-300x300.jpg 300w, https:\/\/photos.weberfam07.de\/wp-content\/uploads\/2024\/12\/20241120_000945.jpg 320w\" sizes=\"auto, (max-width: 150px) 100vw, 150px\" \/><\/a><\/div><a class=\"wp-block-latest-posts__post-title\" href=\"https:\/\/photos.weberfam07.de\/?p=1960\">November 2024<\/a><div class=\"wp-block-latest-posts__post-excerpt\">Die Tage werden k\u00e4lter \ud83e\udd76, aber noch scheint an manchen Tagen die Sonne \ud83c\udf1e. Wir nutzen die letzten sch\u00f6nen Stunden f\u00fcr einen Spaziergang durch die &hellip; <a href=\"https:\/\/photos.weberfam07.de\/?p=1960\">Weiter<\/a><\/div><\/li>\n<li><div class=\"wp-block-latest-posts__featured-image alignleft\"><a href=\"https:\/\/photos.weberfam07.de\/?p=1892\" aria-label=\"Oktober 2024\"><img loading=\"lazy\" decoding=\"async\" width=\"150\" height=\"150\" src=\"https:\/\/photos.weberfam07.de\/wp-content\/uploads\/2024\/12\/20241031_164028-150x150.jpg\" class=\"attachment-thumbnail size-thumbnail wp-post-image\" alt=\"\" style=\"max-width:150px;max-height:150px;\" srcset=\"https:\/\/photos.weberfam07.de\/wp-content\/uploads\/2024\/12\/20241031_164028-150x150.jpg 150w, https:\/\/photos.weberfam07.de\/wp-content\/uploads\/2024\/12\/20241031_164028-300x300.jpg 300w, https:\/\/photos.weberfam07.de\/wp-content\/uploads\/2024\/12\/20241031_164028.jpg 320w\" sizes=\"auto, (max-width: 150px) 100vw, 150px\" \/><\/a><\/div><a class=\"wp-block-latest-posts__post-title\" href=\"https:\/\/photos.weberfam07.de\/?p=1892\">Oktober 2024<\/a><div class=\"wp-block-latest-posts__post-excerpt\">Der Herbst ist da \ud83c\udf42\ud83c\udf42\ud83c\udf42. Wie jedes Jahr gehen wir wieder zum Festival of Lights &#8230; leider gibt es nicht so viel Neues, \u00dcberraschendes zu &hellip; <a href=\"https:\/\/photos.weberfam07.de\/?p=1892\">Weiter<\/a><\/div><\/li>\n<li><div class=\"wp-block-latest-posts__featured-image alignleft\"><a href=\"https:\/\/photos.weberfam07.de\/?p=1890\" aria-label=\"September 2024\"><img loading=\"lazy\" decoding=\"async\" width=\"150\" height=\"150\" src=\"https:\/\/photos.weberfam07.de\/wp-content\/uploads\/2024\/12\/20240908_143817_Thumb-150x150.jpg\" class=\"attachment-thumbnail size-thumbnail wp-post-image\" alt=\"\" style=\"max-width:150px;max-height:150px;\" srcset=\"https:\/\/photos.weberfam07.de\/wp-content\/uploads\/2024\/12\/20240908_143817_Thumb-150x150.jpg 150w, https:\/\/photos.weberfam07.de\/wp-content\/uploads\/2024\/12\/20240908_143817_Thumb-300x300.jpg 300w, https:\/\/photos.weberfam07.de\/wp-content\/uploads\/2024\/12\/20240908_143817_Thumb.jpg 320w\" sizes=\"auto, (max-width: 150px) 100vw, 150px\" \/><\/a><\/div><a class=\"wp-block-latest-posts__post-title\" href=\"https:\/\/photos.weberfam07.de\/?p=1890\">September 2024<\/a><div class=\"wp-block-latest-posts__post-excerpt\">Die Sommerferien sind fast vorbei. Wir machen am ersten September-Wochenende zwei sch\u00f6ne Ausfl\u00fcge. Zuerst geht es in die Berliner Innenstadt zum Tag der offenen T\u00fcr &hellip; <a href=\"https:\/\/photos.weberfam07.de\/?p=1890\">Weiter<\/a><\/div><\/li>\n<li><div class=\"wp-block-latest-posts__featured-image alignleft\"><a href=\"https:\/\/photos.weberfam07.de\/?p=1789\" aria-label=\"August 2024\"><img loading=\"lazy\" decoding=\"async\" width=\"150\" height=\"150\" src=\"https:\/\/photos.weberfam07.de\/wp-content\/uploads\/2024\/09\/20240820_074524-150x150.jpg\" class=\"attachment-thumbnail size-thumbnail wp-post-image\" alt=\"\" style=\"max-width:150px;max-height:150px;\" srcset=\"https:\/\/photos.weberfam07.de\/wp-content\/uploads\/2024\/09\/20240820_074524-150x150.jpg 150w, https:\/\/photos.weberfam07.de\/wp-content\/uploads\/2024\/09\/20240820_074524-300x300.jpg 300w, https:\/\/photos.weberfam07.de\/wp-content\/uploads\/2024\/09\/20240820_074524.jpg 320w\" sizes=\"auto, (max-width: 150px) 100vw, 150px\" \/><\/a><\/div><a class=\"wp-block-latest-posts__post-title\" href=\"https:\/\/photos.weberfam07.de\/?p=1789\">August 2024<\/a><div class=\"wp-block-latest-posts__post-excerpt\">Noch immer sind Sommerferien und Luis und Carolin sind weiterhin in Niederbayern. Mitte des Monats kommen sie zur\u00fcck &#8230; nur um gleich wieder auf Reisen &hellip; <a href=\"https:\/\/photos.weberfam07.de\/?p=1789\">Weiter<\/a><\/div><\/li>\n<li><div class=\"wp-block-latest-posts__featured-image alignleft\"><a href=\"https:\/\/photos.weberfam07.de\/?p=1786\" aria-label=\"Juli 2024\"><img loading=\"lazy\" decoding=\"async\" width=\"150\" height=\"150\" src=\"https:\/\/photos.weberfam07.de\/wp-content\/uploads\/2024\/09\/20240702_132237-150x150.jpg\" class=\"attachment-thumbnail size-thumbnail wp-post-image\" alt=\"\" style=\"max-width:150px;max-height:150px;\" srcset=\"https:\/\/photos.weberfam07.de\/wp-content\/uploads\/2024\/09\/20240702_132237-150x150.jpg 150w, https:\/\/photos.weberfam07.de\/wp-content\/uploads\/2024\/09\/20240702_132237-300x300.jpg 300w, https:\/\/photos.weberfam07.de\/wp-content\/uploads\/2024\/09\/20240702_132237.jpg 320w\" sizes=\"auto, (max-width: 150px) 100vw, 150px\" \/><\/a><\/div><a class=\"wp-block-latest-posts__post-title\" href=\"https:\/\/photos.weberfam07.de\/?p=1786\">Juli 2024<\/a><div class=\"wp-block-latest-posts__post-excerpt\">Der Juli ist da und mit ihm die letzten Schultage &#8230; Zu Beginn des Monats ist Luis Abiverleihung im Henry-Ford-Bau der FU. Alle sind noch &hellip; <a href=\"https:\/\/photos.weberfam07.de\/?p=1786\">Weiter<\/a><\/div><\/li>\n<li><div class=\"wp-block-latest-posts__featured-image alignleft\"><a href=\"https:\/\/photos.weberfam07.de\/?p=1767\" aria-label=\"Juni 2024\"><img loading=\"lazy\" decoding=\"async\" width=\"150\" height=\"150\" src=\"https:\/\/photos.weberfam07.de\/wp-content\/uploads\/2024\/07\/20240628_181247-150x150.jpg\" class=\"attachment-thumbnail size-thumbnail wp-post-image\" alt=\"\" style=\"max-width:150px;max-height:150px;\" srcset=\"https:\/\/photos.weberfam07.de\/wp-content\/uploads\/2024\/07\/20240628_181247-150x150.jpg 150w, https:\/\/photos.weberfam07.de\/wp-content\/uploads\/2024\/07\/20240628_181247-300x300.jpg 300w, https:\/\/photos.weberfam07.de\/wp-content\/uploads\/2024\/07\/20240628_181247.jpg 320w\" sizes=\"auto, (max-width: 150px) 100vw, 150px\" \/><\/a><\/div><a class=\"wp-block-latest-posts__post-title\" href=\"https:\/\/photos.weberfam07.de\/?p=1767\">Juni 2024<\/a><div class=\"wp-block-latest-posts__post-excerpt\">Endspurt &#8230;. Luis letzte Abipr\u00fcfung steht an: sein Vortrag zur 5. Pr\u00fcfungskomponente in Physik. Es geht um Weltraumschrott \ud83d\ude80\ud83d\udef0\u2604 und dessen Einfluss auf das Klima\ud83c\udf0d. &hellip; <a href=\"https:\/\/photos.weberfam07.de\/?p=1767\">Weiter<\/a><\/div><\/li>\n<li><div class=\"wp-block-latest-posts__featured-image alignleft\"><a href=\"https:\/\/photos.weberfam07.de\/?p=1757\" aria-label=\"Mai 2024\"><img loading=\"lazy\" decoding=\"async\" width=\"150\" height=\"150\" src=\"https:\/\/photos.weberfam07.de\/wp-content\/uploads\/2024\/06\/20240520_105728-150x150.jpg\" class=\"attachment-thumbnail size-thumbnail wp-post-image\" alt=\"\" style=\"max-width:150px;max-height:150px;\" srcset=\"https:\/\/photos.weberfam07.de\/wp-content\/uploads\/2024\/06\/20240520_105728-150x150.jpg 150w, https:\/\/photos.weberfam07.de\/wp-content\/uploads\/2024\/06\/20240520_105728-300x300.jpg 300w, https:\/\/photos.weberfam07.de\/wp-content\/uploads\/2024\/06\/20240520_105728.jpg 320w\" sizes=\"auto, (max-width: 150px) 100vw, 150px\" \/><\/a><\/div><a class=\"wp-block-latest-posts__post-title\" href=\"https:\/\/photos.weberfam07.de\/?p=1757\">Mai 2024<\/a><div class=\"wp-block-latest-posts__post-excerpt\">Weiter geht es mit den Abi-Pr\u00fcfungen &#8230; und Luis ist weiterhin in der Uni-Bibliothek. Wir beginnen den Monat mit einem Spaziergang durch den D\u00fcppeler Forst &hellip; <a href=\"https:\/\/photos.weberfam07.de\/?p=1757\">Weiter<\/a><\/div><\/li>\n<li><div class=\"wp-block-latest-posts__featured-image alignleft\"><a href=\"https:\/\/photos.weberfam07.de\/?p=1746\" aria-label=\"April 2024\"><img loading=\"lazy\" decoding=\"async\" width=\"150\" height=\"150\" src=\"https:\/\/photos.weberfam07.de\/wp-content\/uploads\/2024\/05\/20240407_182941-150x150.jpg\" class=\"attachment-thumbnail size-thumbnail wp-post-image\" alt=\"\" style=\"max-width:150px;max-height:150px;\" srcset=\"https:\/\/photos.weberfam07.de\/wp-content\/uploads\/2024\/05\/20240407_182941-150x150.jpg 150w, https:\/\/photos.weberfam07.de\/wp-content\/uploads\/2024\/05\/20240407_182941-300x300.jpg 300w, https:\/\/photos.weberfam07.de\/wp-content\/uploads\/2024\/05\/20240407_182941.jpg 320w\" sizes=\"auto, (max-width: 150px) 100vw, 150px\" \/><\/a><\/div><a class=\"wp-block-latest-posts__post-title\" href=\"https:\/\/photos.weberfam07.de\/?p=1746\">April 2024<\/a><div class=\"wp-block-latest-posts__post-excerpt\">April &#8230; Abi-Zeit \ud83d\udcbc\ud83d\udca1 &#8230; die ersten Abi-Pr\u00fcfungen stehen an. Zum Lernen \ud83e\udd13 geht Luis jeden Tag in die Uni-Bibliothek. Die Kirschbl\u00fcten \ud83c\udf38\ud83c\udf38 sind dieses &hellip; <a href=\"https:\/\/photos.weberfam07.de\/?p=1746\">Weiter<\/a><\/div><\/li>\n<li><div class=\"wp-block-latest-posts__featured-image alignleft\"><a href=\"https:\/\/photos.weberfam07.de\/?p=1714\" aria-label=\"M\u00e4rz 2024\"><img loading=\"lazy\" decoding=\"async\" width=\"150\" height=\"150\" src=\"https:\/\/photos.weberfam07.de\/wp-content\/uploads\/2024\/04\/20240319_071416-150x150.jpg\" class=\"attachment-thumbnail size-thumbnail wp-post-image\" alt=\"\" style=\"max-width:150px;max-height:150px;\" srcset=\"https:\/\/photos.weberfam07.de\/wp-content\/uploads\/2024\/04\/20240319_071416-150x150.jpg 150w, https:\/\/photos.weberfam07.de\/wp-content\/uploads\/2024\/04\/20240319_071416-300x300.jpg 300w, https:\/\/photos.weberfam07.de\/wp-content\/uploads\/2024\/04\/20240319_071416.jpg 320w\" sizes=\"auto, (max-width: 150px) 100vw, 150px\" \/><\/a><\/div><a class=\"wp-block-latest-posts__post-title\" href=\"https:\/\/photos.weberfam07.de\/?p=1714\">M\u00e4rz 2024<\/a><div class=\"wp-block-latest-posts__post-excerpt\">Endlich ist der Fr\u00fchling da. Die Sonne \ud83c\udf1e scheint wieder h\u00e4ufiger und Ramona kann ihren ersten Kaffee \u2615 auf dem Balkon genie\u00dfen. Am Frauentag machen &hellip; <a href=\"https:\/\/photos.weberfam07.de\/?p=1714\">Weiter<\/a><\/div><\/li>\n<li><div class=\"wp-block-latest-posts__featured-image alignleft\"><a href=\"https:\/\/photos.weberfam07.de\/?p=1696\" aria-label=\"Februar 2024\"><img loading=\"lazy\" decoding=\"async\" width=\"150\" height=\"150\" src=\"https:\/\/photos.weberfam07.de\/wp-content\/uploads\/2024\/03\/20240210_154320-150x150.jpg\" class=\"attachment-thumbnail size-thumbnail wp-post-image\" alt=\"\" style=\"max-width:150px;max-height:150px;\" srcset=\"https:\/\/photos.weberfam07.de\/wp-content\/uploads\/2024\/03\/20240210_154320-150x150.jpg 150w, https:\/\/photos.weberfam07.de\/wp-content\/uploads\/2024\/03\/20240210_154320-300x300.jpg 300w, https:\/\/photos.weberfam07.de\/wp-content\/uploads\/2024\/03\/20240210_154320.jpg 320w\" sizes=\"auto, (max-width: 150px) 100vw, 150px\" \/><\/a><\/div><a class=\"wp-block-latest-posts__post-title\" href=\"https:\/\/photos.weberfam07.de\/?p=1696\">Februar 2024<\/a><div class=\"wp-block-latest-posts__post-excerpt\">Luis und Philipp beginnen den Februar mit einem abendlichen Spaziergang entlang verlassener Bahngleise. Luis \u00fcbt schon mal das Studentenleben und lernt f\u00fcr seine Physikklausur in &hellip; <a href=\"https:\/\/photos.weberfam07.de\/?p=1696\">Weiter<\/a><\/div><\/li>\n<li><div class=\"wp-block-latest-posts__featured-image alignleft\"><a href=\"https:\/\/photos.weberfam07.de\/?p=1659\" aria-label=\"Januar 2024\"><img loading=\"lazy\" decoding=\"async\" width=\"150\" height=\"150\" src=\"https:\/\/photos.weberfam07.de\/wp-content\/uploads\/2024\/02\/20240104_173925-150x150.jpg\" class=\"attachment-thumbnail size-thumbnail wp-post-image\" alt=\"\" style=\"max-width:150px;max-height:150px;\" srcset=\"https:\/\/photos.weberfam07.de\/wp-content\/uploads\/2024\/02\/20240104_173925-150x150.jpg 150w, https:\/\/photos.weberfam07.de\/wp-content\/uploads\/2024\/02\/20240104_173925-300x300.jpg 300w, https:\/\/photos.weberfam07.de\/wp-content\/uploads\/2024\/02\/20240104_173925.jpg 320w\" sizes=\"auto, (max-width: 150px) 100vw, 150px\" \/><\/a><\/div><a class=\"wp-block-latest-posts__post-title\" href=\"https:\/\/photos.weberfam07.de\/?p=1659\">Januar 2024<\/a><div class=\"wp-block-latest-posts__post-excerpt\">Das neue Jahr beginnen wir mit den ersten Kilometern des Jahres durch die Berliner Innenstadt. W\u00e4hrend der Ferien machen wir einen Ausflug zum Schwimmen mit &hellip; <a href=\"https:\/\/photos.weberfam07.de\/?p=1659\">Weiter<\/a><\/div><\/li>\n<\/ul>","protected":false},"excerpt":{"rendered":"","protected":false},"author":1,"featured_media":0,"parent":0,"menu_order":0,"comment_status":"closed","ping_status":"closed","template":"","meta":{"kt_blocks_editor_width":"","footnotes":""},"class_list":["post-1640","page","type-page","status-publish","hentry"],"_links":{"self":[{"href":"https:\/\/photos.weberfam07.de\/index.php?rest_route=\/wp\/v2\/pages\/1640","targetHints":{"allow":["GET"]}}],"collection":[{"href":"https:\/\/photos.weberfam07.de\/index.php?rest_route=\/wp\/v2\/pages"}],"about":[{"href":"https:\/\/photos.weberfam07.de\/index.php?rest_route=\/wp\/v2\/types\/page"}],"author":[{"embeddable":true,"href":"https:\/\/photos.weberfam07.de\/index.php?rest_route=\/wp\/v2\/users\/1"}],"replies":[{"embeddable":true,"href":"https:\/\/photos.weberfam07.de\/index.php?rest_route=%2Fwp%2Fv2%2Fcomments&post=1640"}],"version-history":[{"count":4,"href":"https:\/\/photos.weberfam07.de\/index.php?rest_route=\/wp\/v2\/pages\/1640\/revisions"}],"predecessor-version":[{"id":1943,"href":"https:\/\/photos.weberfam07.de\/index.php?rest_route=\/wp\/v2\/pages\/1640\/revisions\/1943"}],"wp:attachment":[{"href":"https:\/\/photos.weberfam07.de\/index.php?rest_route=%2Fwp%2Fv2%2Fmedia&parent=1640"}],"curies":[{"name":"wp","href":"https:\/\/api.w.org\/{rel}","templated":true}]}}