{"id":2029,"date":"2025-01-16T21:51:12","date_gmt":"2025-01-16T20:51:12","guid":{"rendered":"https:\/\/photos.weberfam07.de\/?page_id=2029"},"modified":"2025-01-16T21:51:12","modified_gmt":"2025-01-16T20:51:12","slug":"fotos-2025","status":"publish","type":"page","link":"https:\/\/photos.weberfam07.de\/?page_id=2029","title":{"rendered":"Fotos 2025"},"content":{"rendered":"<ul class=\"wp-block-latest-posts__list is-grid columns-2 wp-block-latest-posts\"><li><div class=\"wp-block-latest-posts__featured-image alignleft\"><a href=\"https:\/\/photos.weberfam07.de\/?p=2700\" aria-label=\"Dezember 2025\"><img loading=\"lazy\" decoding=\"async\" width=\"150\" height=\"150\" src=\"https:\/\/photos.weberfam07.de\/wp-content\/uploads\/2026\/02\/20251222_091714-150x150.jpg\" class=\"attachment-thumbnail size-thumbnail wp-post-image\" alt=\"\" style=\"max-width:150px;max-height:150px;\" srcset=\"https:\/\/photos.weberfam07.de\/wp-content\/uploads\/2026\/02\/20251222_091714-150x150.jpg 150w, https:\/\/photos.weberfam07.de\/wp-content\/uploads\/2026\/02\/20251222_091714-300x300.jpg 300w, https:\/\/photos.weberfam07.de\/wp-content\/uploads\/2026\/02\/20251222_091714.jpg 320w\" sizes=\"auto, (max-width: 150px) 100vw, 150px\" \/><\/a><\/div><a class=\"wp-block-latest-posts__post-title\" href=\"https:\/\/photos.weberfam07.de\/?p=2700\">Dezember 2025<\/a><div class=\"wp-block-latest-posts__post-excerpt\">So langsam r\u00fcckt das Ende des Jahres n\u00e4her. Zuhause ist der Nikolaus \ud83c\udf85 wieder gro\u00dfz\u00fcgig gewesen. Und was macht Luis in der Zeit? Er lernt &hellip; <a href=\"https:\/\/photos.weberfam07.de\/?p=2700\">Weiter<\/a><\/div><\/li>\n<li><div class=\"wp-block-latest-posts__featured-image alignleft\"><a href=\"https:\/\/photos.weberfam07.de\/?p=2680\" aria-label=\"November 2025\"><img loading=\"lazy\" decoding=\"async\" width=\"150\" height=\"150\" src=\"https:\/\/photos.weberfam07.de\/wp-content\/uploads\/2025\/11\/20251124_152338-150x150.jpg\" class=\"attachment-thumbnail size-thumbnail wp-post-image\" alt=\"\" style=\"max-width:150px;max-height:150px;\" srcset=\"https:\/\/photos.weberfam07.de\/wp-content\/uploads\/2025\/11\/20251124_152338-150x150.jpg 150w, https:\/\/photos.weberfam07.de\/wp-content\/uploads\/2025\/11\/20251124_152338-300x300.jpg 300w, https:\/\/photos.weberfam07.de\/wp-content\/uploads\/2025\/11\/20251124_152338.jpg 320w\" sizes=\"auto, (max-width: 150px) 100vw, 150px\" \/><\/a><\/div><a class=\"wp-block-latest-posts__post-title\" href=\"https:\/\/photos.weberfam07.de\/?p=2680\">November 2025<\/a><div class=\"wp-block-latest-posts__post-excerpt\">Langsam wird es kalt in Leipzig und Berlin, daf\u00fcr wird das Morgenrot \ud83c\udf1e umso sch\u00f6ner. Carolin malt, bastelt und strickt viel. Anfang des Monats ist &hellip; <a href=\"https:\/\/photos.weberfam07.de\/?p=2680\">Weiter<\/a><\/div><\/li>\n<li><div class=\"wp-block-latest-posts__featured-image alignleft\"><a href=\"https:\/\/photos.weberfam07.de\/?p=2610\" aria-label=\"Oktober 2025\"><img loading=\"lazy\" decoding=\"async\" width=\"150\" height=\"150\" src=\"https:\/\/photos.weberfam07.de\/wp-content\/uploads\/2025\/11\/20251101_192308-150x150.jpg\" class=\"attachment-thumbnail size-thumbnail wp-post-image\" alt=\"\" style=\"max-width:150px;max-height:150px;\" srcset=\"https:\/\/photos.weberfam07.de\/wp-content\/uploads\/2025\/11\/20251101_192308-150x150.jpg 150w, https:\/\/photos.weberfam07.de\/wp-content\/uploads\/2025\/11\/20251101_192308-300x300.jpg 300w, https:\/\/photos.weberfam07.de\/wp-content\/uploads\/2025\/11\/20251101_192308.jpg 320w\" sizes=\"auto, (max-width: 150px) 100vw, 150px\" \/><\/a><\/div><a class=\"wp-block-latest-posts__post-title\" href=\"https:\/\/photos.weberfam07.de\/?p=2610\">Oktober 2025<\/a><div class=\"wp-block-latest-posts__post-excerpt\">F\u00fcr Luis beginnt ein aufregender Monat. Wir schlie\u00dfen den Umzug ab und bringen die letzten Sachen nach Leipzig. Dann f\u00e4ngt auch schon das Uni-Semester f\u00fcr &hellip; <a href=\"https:\/\/photos.weberfam07.de\/?p=2610\">Weiter<\/a><\/div><\/li>\n<li><div class=\"wp-block-latest-posts__featured-image alignleft\"><a href=\"https:\/\/photos.weberfam07.de\/?p=2512\" aria-label=\"September 2025\"><img loading=\"lazy\" decoding=\"async\" width=\"150\" height=\"150\" src=\"https:\/\/photos.weberfam07.de\/wp-content\/uploads\/2025\/11\/20250920_145351-150x150.jpg\" class=\"attachment-thumbnail size-thumbnail wp-post-image\" alt=\"\" style=\"max-width:150px;max-height:150px;\" srcset=\"https:\/\/photos.weberfam07.de\/wp-content\/uploads\/2025\/11\/20250920_145351-150x150.jpg 150w, https:\/\/photos.weberfam07.de\/wp-content\/uploads\/2025\/11\/20250920_145351-300x300.jpg 300w, https:\/\/photos.weberfam07.de\/wp-content\/uploads\/2025\/11\/20250920_145351.jpg 320w\" sizes=\"auto, (max-width: 150px) 100vw, 150px\" \/><\/a><\/div><a class=\"wp-block-latest-posts__post-title\" href=\"https:\/\/photos.weberfam07.de\/?p=2512\">September 2025<\/a><div class=\"wp-block-latest-posts__post-excerpt\">Umzugsmonat \ud83d\ude9a\ud83d\ude9a! An den Wochenenden bringen wir alle M\u00f6bel \ud83d\udecc\ud83e\ude91 nach Leipzig und Luis bezieht sein neues Zuhause. Das Semester r\u00fcckt immer n\u00e4her und f\u00fcr &hellip; <a href=\"https:\/\/photos.weberfam07.de\/?p=2512\">Weiter<\/a><\/div><\/li>\n<li><div class=\"wp-block-latest-posts__featured-image alignleft\"><a href=\"https:\/\/photos.weberfam07.de\/?p=2510\" aria-label=\"August 2025\"><img loading=\"lazy\" decoding=\"async\" width=\"150\" height=\"150\" src=\"https:\/\/photos.weberfam07.de\/wp-content\/uploads\/2025\/11\/20250826_074925-150x150.jpg\" class=\"attachment-thumbnail size-thumbnail wp-post-image\" alt=\"\" style=\"max-width:150px;max-height:150px;\" srcset=\"https:\/\/photos.weberfam07.de\/wp-content\/uploads\/2025\/11\/20250826_074925-150x150.jpg 150w, https:\/\/photos.weberfam07.de\/wp-content\/uploads\/2025\/11\/20250826_074925-300x300.jpg 300w, https:\/\/photos.weberfam07.de\/wp-content\/uploads\/2025\/11\/20250826_074925.jpg 320w\" sizes=\"auto, (max-width: 150px) 100vw, 150px\" \/><\/a><\/div><a class=\"wp-block-latest-posts__post-title\" href=\"https:\/\/photos.weberfam07.de\/?p=2510\">August 2025<\/a><div class=\"wp-block-latest-posts__post-excerpt\">Zur\u00fcck aus dem Urlaub \ud83c\udfd6! Luis hat seine Fahrpr\u00fcfung \ud83d\ude97 und wir suchen M\u00f6bel \ud83e\ude91\ud83d\udecc f\u00fcr sein WG-Zimmer in Leipzig. Erst f\u00e4hrt Luis mit Carolin &hellip; <a href=\"https:\/\/photos.weberfam07.de\/?p=2510\">Weiter<\/a><\/div><\/li>\n<li><div class=\"wp-block-latest-posts__featured-image alignleft\"><a href=\"https:\/\/photos.weberfam07.de\/?p=2507\" aria-label=\"Juli 2025\"><img loading=\"lazy\" decoding=\"async\" width=\"150\" height=\"150\" src=\"https:\/\/photos.weberfam07.de\/wp-content\/uploads\/2025\/11\/20250703_190439-150x150.jpg\" class=\"attachment-thumbnail size-thumbnail wp-post-image\" alt=\"\" style=\"max-width:150px;max-height:150px;\" srcset=\"https:\/\/photos.weberfam07.de\/wp-content\/uploads\/2025\/11\/20250703_190439-150x150.jpg 150w, https:\/\/photos.weberfam07.de\/wp-content\/uploads\/2025\/11\/20250703_190439-300x300.jpg 300w, https:\/\/photos.weberfam07.de\/wp-content\/uploads\/2025\/11\/20250703_190439.jpg 320w\" sizes=\"auto, (max-width: 150px) 100vw, 150px\" \/><\/a><\/div><a class=\"wp-block-latest-posts__post-title\" href=\"https:\/\/photos.weberfam07.de\/?p=2507\">Juli 2025<\/a><div class=\"wp-block-latest-posts__post-excerpt\">Die Sommerferien \ud83c\udf1e r\u00fccken immer n\u00e4her, aber ein paar Wochen liegen noch vor uns. Zuerst ist Carolins Geburtstag \ud83c\udf81\ud83c\udf89\ud83e\udd73 und wir machen eine Stadtrallye durch &hellip; <a href=\"https:\/\/photos.weberfam07.de\/?p=2507\">Weiter<\/a><\/div><\/li>\n<li><div class=\"wp-block-latest-posts__featured-image alignleft\"><a href=\"https:\/\/photos.weberfam07.de\/?p=2191\" aria-label=\"Juni 2025\"><img loading=\"lazy\" decoding=\"async\" width=\"150\" height=\"150\" src=\"https:\/\/photos.weberfam07.de\/wp-content\/uploads\/2025\/07\/20250612_222658-150x150.jpg\" class=\"attachment-thumbnail size-thumbnail wp-post-image\" alt=\"\" style=\"max-width:150px;max-height:150px;\" srcset=\"https:\/\/photos.weberfam07.de\/wp-content\/uploads\/2025\/07\/20250612_222658-150x150.jpg 150w, https:\/\/photos.weberfam07.de\/wp-content\/uploads\/2025\/07\/20250612_222658-300x300.jpg 300w, https:\/\/photos.weberfam07.de\/wp-content\/uploads\/2025\/07\/20250612_222658.jpg 320w\" sizes=\"auto, (max-width: 150px) 100vw, 150px\" \/><\/a><\/div><a class=\"wp-block-latest-posts__post-title\" href=\"https:\/\/photos.weberfam07.de\/?p=2191\">Juni 2025<\/a><div class=\"wp-block-latest-posts__post-excerpt\">Der Juni beginnt mit der gro\u00dfen Fahrradsternfahrt \ud83d\udeb4\u200d\u2642\ufe0f in Berlin &#8230; Philipp ist dieses Jahr wieder mit dabei. Luis kommt aus Italien zur\u00fcck, wenige Tage, &hellip; <a href=\"https:\/\/photos.weberfam07.de\/?p=2191\">Weiter<\/a><\/div><\/li>\n<li><div class=\"wp-block-latest-posts__featured-image alignleft\"><a href=\"https:\/\/photos.weberfam07.de\/?p=2189\" aria-label=\"Mai 2025\"><img loading=\"lazy\" decoding=\"async\" width=\"150\" height=\"150\" src=\"https:\/\/photos.weberfam07.de\/wp-content\/uploads\/2025\/06\/20250503_134307-150x150.jpg\" class=\"attachment-thumbnail size-thumbnail wp-post-image\" alt=\"\" style=\"max-width:150px;max-height:150px;\" srcset=\"https:\/\/photos.weberfam07.de\/wp-content\/uploads\/2025\/06\/20250503_134307-150x150.jpg 150w, https:\/\/photos.weberfam07.de\/wp-content\/uploads\/2025\/06\/20250503_134307-300x300.jpg 300w, https:\/\/photos.weberfam07.de\/wp-content\/uploads\/2025\/06\/20250503_134307.jpg 320w\" sizes=\"auto, (max-width: 150px) 100vw, 150px\" \/><\/a><\/div><a class=\"wp-block-latest-posts__post-title\" href=\"https:\/\/photos.weberfam07.de\/?p=2189\">Mai 2025<\/a><div class=\"wp-block-latest-posts__post-excerpt\">Das erste Mai Wochenende machen wir noch ein paar sch\u00f6ne Ausfl\u00fcge. Wir besichtigen Burg Eisenhardt \ud83c\udff0 und gehen auf dem Kunstwanderweg spazieren. Am n\u00e4chsten Tag &hellip; <a href=\"https:\/\/photos.weberfam07.de\/?p=2189\">Weiter<\/a><\/div><\/li>\n<li><div class=\"wp-block-latest-posts__featured-image alignleft\"><a href=\"https:\/\/photos.weberfam07.de\/?p=2160\" aria-label=\"April 2025\"><img loading=\"lazy\" decoding=\"async\" width=\"150\" height=\"150\" src=\"https:\/\/photos.weberfam07.de\/wp-content\/uploads\/2025\/05\/20250417_195954-150x150.jpg\" class=\"attachment-thumbnail size-thumbnail wp-post-image\" alt=\"\" style=\"max-width:150px;max-height:150px;\" srcset=\"https:\/\/photos.weberfam07.de\/wp-content\/uploads\/2025\/05\/20250417_195954-150x150.jpg 150w, https:\/\/photos.weberfam07.de\/wp-content\/uploads\/2025\/05\/20250417_195954-300x300.jpg 300w, https:\/\/photos.weberfam07.de\/wp-content\/uploads\/2025\/05\/20250417_195954.jpg 320w\" sizes=\"auto, (max-width: 150px) 100vw, 150px\" \/><\/a><\/div><a class=\"wp-block-latest-posts__post-title\" href=\"https:\/\/photos.weberfam07.de\/?p=2160\">April 2025<\/a><div class=\"wp-block-latest-posts__post-excerpt\">Die Sonne schaut das erste Mal l\u00e4nger hinter den Wolken hervor \ud83c\udf1e und die Kirschb\u00e4ume stehen in voller Bl\u00fcte. F\u00fcr uns wird es ein Monat &hellip; <a href=\"https:\/\/photos.weberfam07.de\/?p=2160\">Weiter<\/a><\/div><\/li>\n<li><div class=\"wp-block-latest-posts__featured-image alignleft\"><a href=\"https:\/\/photos.weberfam07.de\/?p=2148\" aria-label=\"M\u00e4rz 2025\"><img loading=\"lazy\" decoding=\"async\" width=\"150\" height=\"150\" src=\"https:\/\/photos.weberfam07.de\/wp-content\/uploads\/2025\/03\/20250329_161538-150x150.jpg\" class=\"attachment-thumbnail size-thumbnail wp-post-image\" alt=\"\" style=\"max-width:150px;max-height:150px;\" srcset=\"https:\/\/photos.weberfam07.de\/wp-content\/uploads\/2025\/03\/20250329_161538-150x150.jpg 150w, https:\/\/photos.weberfam07.de\/wp-content\/uploads\/2025\/03\/20250329_161538-300x300.jpg 300w, https:\/\/photos.weberfam07.de\/wp-content\/uploads\/2025\/03\/20250329_161538.jpg 320w\" sizes=\"auto, (max-width: 150px) 100vw, 150px\" \/><\/a><\/div><a class=\"wp-block-latest-posts__post-title\" href=\"https:\/\/photos.weberfam07.de\/?p=2148\">M\u00e4rz 2025<\/a><div class=\"wp-block-latest-posts__post-excerpt\">Im M\u00e4rz herrscht so richtiges Aprilwetter in Berlin &#8230; Sonne \ud83c\udf1e und grauer Himmel \u2601 wechseln sich genauso h\u00e4ufig ab wie warm \ud83d\ude05 und kalt &hellip; <a href=\"https:\/\/photos.weberfam07.de\/?p=2148\">Weiter<\/a><\/div><\/li>\n<li><div class=\"wp-block-latest-posts__featured-image alignleft\"><a href=\"https:\/\/photos.weberfam07.de\/?p=2139\" aria-label=\"Februar 2025\"><img loading=\"lazy\" decoding=\"async\" width=\"150\" height=\"150\" src=\"https:\/\/photos.weberfam07.de\/wp-content\/uploads\/2025\/03\/20250203_123145-150x150.jpg\" class=\"attachment-thumbnail size-thumbnail wp-post-image\" alt=\"\" style=\"max-width:150px;max-height:150px;\" srcset=\"https:\/\/photos.weberfam07.de\/wp-content\/uploads\/2025\/03\/20250203_123145-150x150.jpg 150w, https:\/\/photos.weberfam07.de\/wp-content\/uploads\/2025\/03\/20250203_123145-300x300.jpg 300w, https:\/\/photos.weberfam07.de\/wp-content\/uploads\/2025\/03\/20250203_123145.jpg 320w\" sizes=\"auto, (max-width: 150px) 100vw, 150px\" \/><\/a><\/div><a class=\"wp-block-latest-posts__post-title\" href=\"https:\/\/photos.weberfam07.de\/?p=2139\">Februar 2025<\/a><div class=\"wp-block-latest-posts__post-excerpt\">Juhuu &#8230; Winterferien \ud83d\ude0a &#8230; Carolin hat ein Ferienprogramm f\u00fcr sich und Luis erstellt. Zuerst geht es ins Paradox Museum der vielen Illusionen. Die beiden &hellip; <a href=\"https:\/\/photos.weberfam07.de\/?p=2139\">Weiter<\/a><\/div><\/li>\n<li><div class=\"wp-block-latest-posts__featured-image alignleft\"><a href=\"https:\/\/photos.weberfam07.de\/?p=2114\" aria-label=\"Januar 2025\"><img loading=\"lazy\" decoding=\"async\" width=\"150\" height=\"150\" src=\"https:\/\/photos.weberfam07.de\/wp-content\/uploads\/2025\/02\/20250125_151534-150x150.jpg\" class=\"attachment-thumbnail size-thumbnail wp-post-image\" alt=\"\" style=\"max-width:150px;max-height:150px;\" srcset=\"https:\/\/photos.weberfam07.de\/wp-content\/uploads\/2025\/02\/20250125_151534-150x150.jpg 150w, https:\/\/photos.weberfam07.de\/wp-content\/uploads\/2025\/02\/20250125_151534-300x300.jpg 300w, https:\/\/photos.weberfam07.de\/wp-content\/uploads\/2025\/02\/20250125_151534.jpg 320w\" sizes=\"auto, (max-width: 150px) 100vw, 150px\" \/><\/a><\/div><a class=\"wp-block-latest-posts__post-title\" href=\"https:\/\/photos.weberfam07.de\/?p=2114\">Januar 2025<\/a><div class=\"wp-block-latest-posts__post-excerpt\">Wir sind zur\u00fcck aus Athen und f\u00fcr uns beginnt wieder der Alltag &#8230; Schule und Arbeit. Luis nutzt den Januar, um m\u00f6gliche Unist\u00e4dte zu besuchen. &hellip; <a href=\"https:\/\/photos.weberfam07.de\/?p=2114\">Weiter<\/a><\/div><\/li>\n<\/ul>","protected":false},"excerpt":{"rendered":"","protected":false},"author":1,"featured_media":0,"parent":0,"menu_order":0,"comment_status":"closed","ping_status":"closed","template":"","meta":{"kt_blocks_editor_width":"","footnotes":""},"class_list":["post-2029","page","type-page","status-publish","hentry"],"_links":{"self":[{"href":"https:\/\/photos.weberfam07.de\/index.php?rest_route=\/wp\/v2\/pages\/2029","targetHints":{"allow":["GET"]}}],"collection":[{"href":"https:\/\/photos.weberfam07.de\/index.php?rest_route=\/wp\/v2\/pages"}],"about":[{"href":"https:\/\/photos.weberfam07.de\/index.php?rest_route=\/wp\/v2\/types\/page"}],"author":[{"embeddable":true,"href":"https:\/\/photos.weberfam07.de\/index.php?rest_route=\/wp\/v2\/users\/1"}],"replies":[{"embeddable":true,"href":"https:\/\/photos.weberfam07.de\/index.php?rest_route=%2Fwp%2Fv2%2Fcomments&post=2029"}],"version-history":[{"count":2,"href":"https:\/\/photos.weberfam07.de\/index.php?rest_route=\/wp\/v2\/pages\/2029\/revisions"}],"predecessor-version":[{"id":2031,"href":"https:\/\/photos.weberfam07.de\/index.php?rest_route=\/wp\/v2\/pages\/2029\/revisions\/2031"}],"wp:attachment":[{"href":"https:\/\/photos.weberfam07.de\/index.php?rest_route=%2Fwp%2Fv2%2Fmedia&parent=2029"}],"curies":[{"name":"wp","href":"https:\/\/api.w.org\/{rel}","templated":true}]}}