{"id":2032,"date":"2025-01-16T21:52:04","date_gmt":"2025-01-16T20:52:04","guid":{"rendered":"https:\/\/photos.weberfam07.de\/?page_id=2032"},"modified":"2025-05-17T20:31:39","modified_gmt":"2025-05-17T18:31:39","slug":"urlaub-2025","status":"publish","type":"page","link":"https:\/\/photos.weberfam07.de\/?page_id=2032","title":{"rendered":"Urlaub 2025"},"content":{"rendered":"<ul class=\"wp-block-latest-posts__list is-grid columns-2 has-dates wp-block-latest-posts\"><li><div class=\"wp-block-latest-posts__featured-image alignleft\"><img loading=\"lazy\" decoding=\"async\" width=\"150\" height=\"150\" src=\"https:\/\/photos.weberfam07.de\/wp-content\/uploads\/2026\/02\/20251227_121306-150x150.jpg\" class=\"attachment-thumbnail size-thumbnail wp-post-image\" alt=\"\" style=\"max-width:150px;max-height:150px;\" srcset=\"https:\/\/photos.weberfam07.de\/wp-content\/uploads\/2026\/02\/20251227_121306-150x150.jpg 150w, https:\/\/photos.weberfam07.de\/wp-content\/uploads\/2026\/02\/20251227_121306-300x300.jpg 300w, https:\/\/photos.weberfam07.de\/wp-content\/uploads\/2026\/02\/20251227_121306.jpg 320w\" sizes=\"auto, (max-width: 150px) 100vw, 150px\" \/><\/div><a class=\"wp-block-latest-posts__post-title\" href=\"https:\/\/photos.weberfam07.de\/?p=2713\">Weihnachtsurlaub in Istanbul 2025<\/a><time datetime=\"2025-12-29T22:30:56+01:00\" class=\"wp-block-latest-posts__post-date\">29. Dezember 2025<\/time><div class=\"wp-block-latest-posts__post-excerpt\">Auch dieses Jahr fliegen wir \u00fcber die Feiertage in den S\u00fcden &#8230; es geht nach Istanbul. Das Wetter ist durchwachsen, die Stadt ist beeindruckend.<\/div><\/li>\n<li><div class=\"wp-block-latest-posts__featured-image alignleft\"><img loading=\"lazy\" decoding=\"async\" width=\"150\" height=\"150\" src=\"https:\/\/photos.weberfam07.de\/wp-content\/uploads\/2025\/11\/20250831-Lotti-0181-150x150.jpg\" class=\"attachment-thumbnail size-thumbnail wp-post-image\" alt=\"\" style=\"max-width:150px;max-height:150px;\" srcset=\"https:\/\/photos.weberfam07.de\/wp-content\/uploads\/2025\/11\/20250831-Lotti-0181-150x150.jpg 150w, https:\/\/photos.weberfam07.de\/wp-content\/uploads\/2025\/11\/20250831-Lotti-0181-300x300.jpg 300w, https:\/\/photos.weberfam07.de\/wp-content\/uploads\/2025\/11\/20250831-Lotti-0181.jpg 320w\" sizes=\"auto, (max-width: 150px) 100vw, 150px\" \/><\/div><a class=\"wp-block-latest-posts__post-title\" href=\"https:\/\/photos.weberfam07.de\/?p=2517\">Carolins Sommerfahrt nach Kronach 2025<\/a><time datetime=\"2025-09-05T22:34:08+02:00\" class=\"wp-block-latest-posts__post-date\">5. September 2025<\/time><div class=\"wp-block-latest-posts__post-excerpt\">Auch in diesem Jahr f\u00e4hrt Carolin zum Abschluss der Sommerferien ins Sommercamp \ud83d\ude8c nach Kronach. Wie letztes Jahr wieder mit ganz tollem Programm &#8230; Stadtf\u00fchrung &hellip; <a href=\"https:\/\/photos.weberfam07.de\/?p=2517\">Weiter<\/a><\/div><\/li>\n<li><div class=\"wp-block-latest-posts__featured-image alignleft\"><img loading=\"lazy\" decoding=\"async\" width=\"150\" height=\"150\" src=\"https:\/\/photos.weberfam07.de\/wp-content\/uploads\/2025\/11\/20250806_162724-150x150.jpg\" class=\"attachment-thumbnail size-thumbnail wp-post-image\" alt=\"\" style=\"max-width:150px;max-height:150px;\" srcset=\"https:\/\/photos.weberfam07.de\/wp-content\/uploads\/2025\/11\/20250806_162724-150x150.jpg 150w, https:\/\/photos.weberfam07.de\/wp-content\/uploads\/2025\/11\/20250806_162724-300x300.jpg 300w, https:\/\/photos.weberfam07.de\/wp-content\/uploads\/2025\/11\/20250806_162724.jpg 320w\" sizes=\"auto, (max-width: 150px) 100vw, 150px\" \/><\/div><a class=\"wp-block-latest-posts__post-title\" href=\"https:\/\/photos.weberfam07.de\/?p=2515\">Sommerurlaub auf Sizilien 2025<\/a><time datetime=\"2025-08-14T22:32:57+02:00\" class=\"wp-block-latest-posts__post-date\">14. August 2025<\/time><div class=\"wp-block-latest-posts__post-excerpt\">Diesen Sommer geht es wieder ab in den S\u00fcden &#8230; der Sonne hinterher &#8230; nach Sizilien. Wir verbringen zwei Wochen in Italiens S\u00fcden, genie\u00dfen das &hellip; <a href=\"https:\/\/photos.weberfam07.de\/?p=2515\">Weiter<\/a><\/div><\/li>\n<li><div class=\"wp-block-latest-posts__featured-image alignleft\"><img loading=\"lazy\" decoding=\"async\" width=\"150\" height=\"150\" src=\"https:\/\/photos.weberfam07.de\/wp-content\/uploads\/2025\/07\/20250615_214004-150x150.jpg\" class=\"attachment-thumbnail size-thumbnail wp-post-image\" alt=\"\" style=\"max-width:150px;max-height:150px;\" srcset=\"https:\/\/photos.weberfam07.de\/wp-content\/uploads\/2025\/07\/20250615_214004-150x150.jpg 150w, https:\/\/photos.weberfam07.de\/wp-content\/uploads\/2025\/07\/20250615_214004-300x300.jpg 300w, https:\/\/photos.weberfam07.de\/wp-content\/uploads\/2025\/07\/20250615_214004.jpg 320w\" sizes=\"auto, (max-width: 150px) 100vw, 150px\" \/><\/div><a class=\"wp-block-latest-posts__post-title\" href=\"https:\/\/photos.weberfam07.de\/?p=2193\">Urlaub in Paris 2025<\/a><time datetime=\"2025-06-21T21:53:59+02:00\" class=\"wp-block-latest-posts__post-date\">21. Juni 2025<\/time><div class=\"wp-block-latest-posts__post-excerpt\">Dieses Jahr machen wir einen besonderen St\u00e4dtetrip &#8230; in der Geburtstagswoche fliegen wir alle nach Paris \ud83e\udd56\ud83c\udfe2\ud83c\udff0. Eine ganze Woche genie\u00dfen wir die Stadt und &hellip; <a href=\"https:\/\/photos.weberfam07.de\/?p=2193\">Weiter<\/a><\/div><\/li>\n<li><div class=\"wp-block-latest-posts__featured-image alignleft\"><img loading=\"lazy\" decoding=\"async\" width=\"150\" height=\"150\" src=\"https:\/\/photos.weberfam07.de\/wp-content\/uploads\/2025\/05\/20250418_170139-150x150.jpg\" class=\"attachment-thumbnail size-thumbnail wp-post-image\" alt=\"\" style=\"max-width:150px;max-height:150px;\" srcset=\"https:\/\/photos.weberfam07.de\/wp-content\/uploads\/2025\/05\/20250418_170139-150x150.jpg 150w, https:\/\/photos.weberfam07.de\/wp-content\/uploads\/2025\/05\/20250418_170139-300x300.jpg 300w, https:\/\/photos.weberfam07.de\/wp-content\/uploads\/2025\/05\/20250418_170139.jpg 320w\" sizes=\"auto, (max-width: 150px) 100vw, 150px\" \/><\/div><a class=\"wp-block-latest-posts__post-title\" href=\"https:\/\/photos.weberfam07.de\/?p=2158\">Osterferien auf Usedom 2025<\/a><time datetime=\"2025-04-21T19:54:13+02:00\" class=\"wp-block-latest-posts__post-date\">21. April 2025<\/time><div class=\"wp-block-latest-posts__post-excerpt\">Ostern fahren wir wieder nach Heringsdorf (diesmal mit Luis \ud83d\ude0a). Wir haben sogar im gleichen Haus wieder eine Ferienwohnung gefunden. Das Wetter ist sch\u00f6n &#8230; &hellip; <a href=\"https:\/\/photos.weberfam07.de\/?p=2158\">Weiter<\/a><\/div><\/li>\n<\/ul>","protected":false},"excerpt":{"rendered":"","protected":false},"author":1,"featured_media":0,"parent":0,"menu_order":0,"comment_status":"closed","ping_status":"closed","template":"","meta":{"kt_blocks_editor_width":"","footnotes":""},"class_list":["post-2032","page","type-page","status-publish","hentry"],"_links":{"self":[{"href":"https:\/\/photos.weberfam07.de\/index.php?rest_route=\/wp\/v2\/pages\/2032","targetHints":{"allow":["GET"]}}],"collection":[{"href":"https:\/\/photos.weberfam07.de\/index.php?rest_route=\/wp\/v2\/pages"}],"about":[{"href":"https:\/\/photos.weberfam07.de\/index.php?rest_route=\/wp\/v2\/types\/page"}],"author":[{"embeddable":true,"href":"https:\/\/photos.weberfam07.de\/index.php?rest_route=\/wp\/v2\/users\/1"}],"replies":[{"embeddable":true,"href":"https:\/\/photos.weberfam07.de\/index.php?rest_route=%2Fwp%2Fv2%2Fcomments&post=2032"}],"version-history":[{"count":2,"href":"https:\/\/photos.weberfam07.de\/index.php?rest_route=\/wp\/v2\/pages\/2032\/revisions"}],"predecessor-version":[{"id":2170,"href":"https:\/\/photos.weberfam07.de\/index.php?rest_route=\/wp\/v2\/pages\/2032\/revisions\/2170"}],"wp:attachment":[{"href":"https:\/\/photos.weberfam07.de\/index.php?rest_route=%2Fwp%2Fv2%2Fmedia&parent=2032"}],"curies":[{"name":"wp","href":"https:\/\/api.w.org\/{rel}","templated":true}]}}