{"id":2707,"date":"2026-01-11T14:13:45","date_gmt":"2026-01-11T13:13:45","guid":{"rendered":"https:\/\/photos.weberfam07.de\/?page_id=2707"},"modified":"2026-01-11T14:14:21","modified_gmt":"2026-01-11T13:14:21","slug":"fotos-2026","status":"publish","type":"page","link":"https:\/\/photos.weberfam07.de\/?page_id=2707","title":{"rendered":"Fotos 2026"},"content":{"rendered":"<ul class=\"wp-block-latest-posts__list is-grid columns-2 wp-block-latest-posts\"><li><div class=\"wp-block-latest-posts__featured-image alignleft\"><a href=\"https:\/\/photos.weberfam07.de\/?p=2756\" aria-label=\"Februar 2026\"><img loading=\"lazy\" decoding=\"async\" width=\"150\" height=\"150\" src=\"https:\/\/photos.weberfam07.de\/wp-content\/uploads\/2026\/03\/20260221_144246-150x150.jpg\" class=\"attachment-thumbnail size-thumbnail wp-post-image\" alt=\"\" style=\"max-width:150px;max-height:150px;\" srcset=\"https:\/\/photos.weberfam07.de\/wp-content\/uploads\/2026\/03\/20260221_144246-150x150.jpg 150w, https:\/\/photos.weberfam07.de\/wp-content\/uploads\/2026\/03\/20260221_144246-300x300.jpg 300w, https:\/\/photos.weberfam07.de\/wp-content\/uploads\/2026\/03\/20260221_144246.jpg 320w\" sizes=\"auto, (max-width: 150px) 100vw, 150px\" \/><\/a><\/div><a class=\"wp-block-latest-posts__post-title\" href=\"https:\/\/photos.weberfam07.de\/?p=2756\">Februar 2026<\/a><div class=\"wp-block-latest-posts__post-excerpt\">Das Wetter wird nicht wirklich besser. Es liegt zwar kein Schnee mehr, aber es ist immer noch nass und kalt. Carolin ist ganz &#8220;flauschig&#8221; &#8230; &hellip; <a href=\"https:\/\/photos.weberfam07.de\/?p=2756\">Weiter<\/a><\/div><\/li>\n<li><div class=\"wp-block-latest-posts__featured-image alignleft\"><a href=\"https:\/\/photos.weberfam07.de\/?p=2753\" aria-label=\"Januar 2026\"><img loading=\"lazy\" decoding=\"async\" width=\"150\" height=\"150\" src=\"https:\/\/photos.weberfam07.de\/wp-content\/uploads\/2026\/03\/20260119_221703-150x150.jpg\" class=\"attachment-thumbnail size-thumbnail wp-post-image\" alt=\"\" style=\"max-width:150px;max-height:150px;\" srcset=\"https:\/\/photos.weberfam07.de\/wp-content\/uploads\/2026\/03\/20260119_221703-150x150.jpg 150w, https:\/\/photos.weberfam07.de\/wp-content\/uploads\/2026\/03\/20260119_221703-300x300.jpg 300w, https:\/\/photos.weberfam07.de\/wp-content\/uploads\/2026\/03\/20260119_221703.jpg 320w\" sizes=\"auto, (max-width: 150px) 100vw, 150px\" \/><\/a><\/div><a class=\"wp-block-latest-posts__post-title\" href=\"https:\/\/photos.weberfam07.de\/?p=2753\">Januar 2026<\/a><div class=\"wp-block-latest-posts__post-excerpt\">Der Januar beginnt mit dem gr\u00f6\u00dften Stromausfall der Geschichte &#8230; der ganze Berliner S\u00fcdwesten ist f\u00fcr viele Tage ohne Strom. Der ganze S\u00fcdwesten? Nein, eine &hellip; <a href=\"https:\/\/photos.weberfam07.de\/?p=2753\">Weiter<\/a><\/div><\/li>\n<\/ul>","protected":false},"excerpt":{"rendered":"","protected":false},"author":1,"featured_media":0,"parent":0,"menu_order":0,"comment_status":"closed","ping_status":"closed","template":"","meta":{"kt_blocks_editor_width":"","footnotes":""},"class_list":["post-2707","page","type-page","status-publish","hentry"],"_links":{"self":[{"href":"https:\/\/photos.weberfam07.de\/index.php?rest_route=\/wp\/v2\/pages\/2707","targetHints":{"allow":["GET"]}}],"collection":[{"href":"https:\/\/photos.weberfam07.de\/index.php?rest_route=\/wp\/v2\/pages"}],"about":[{"href":"https:\/\/photos.weberfam07.de\/index.php?rest_route=\/wp\/v2\/types\/page"}],"author":[{"embeddable":true,"href":"https:\/\/photos.weberfam07.de\/index.php?rest_route=\/wp\/v2\/users\/1"}],"replies":[{"embeddable":true,"href":"https:\/\/photos.weberfam07.de\/index.php?rest_route=%2Fwp%2Fv2%2Fcomments&post=2707"}],"version-history":[{"count":2,"href":"https:\/\/photos.weberfam07.de\/index.php?rest_route=\/wp\/v2\/pages\/2707\/revisions"}],"predecessor-version":[{"id":2709,"href":"https:\/\/photos.weberfam07.de\/index.php?rest_route=\/wp\/v2\/pages\/2707\/revisions\/2709"}],"wp:attachment":[{"href":"https:\/\/photos.weberfam07.de\/index.php?rest_route=%2Fwp%2Fv2%2Fmedia&parent=2707"}],"curies":[{"name":"wp","href":"https:\/\/api.w.org\/{rel}","templated":true}]}}