{"id":281,"date":"2021-03-06T19:34:39","date_gmt":"2021-03-06T18:34:39","guid":{"rendered":"https:\/\/photos.weberfam07.de\/?page_id=281"},"modified":"2021-05-08T00:09:04","modified_gmt":"2021-05-07T22:09:04","slug":"fotos-2021","status":"publish","type":"page","link":"https:\/\/photos.weberfam07.de\/?page_id=281","title":{"rendered":"Fotos 2021"},"content":{"rendered":"<ul class=\"wp-block-latest-posts__list is-grid columns-2 wp-block-latest-posts\"><li><div class=\"wp-block-latest-posts__featured-image alignleft\"><img loading=\"lazy\" decoding=\"async\" width=\"150\" height=\"150\" src=\"https:\/\/photos.weberfam07.de\/wp-content\/uploads\/2022\/01\/20211224_200857-150x150.jpg\" class=\"attachment-thumbnail size-thumbnail wp-post-image\" alt=\"\" style=\"max-width:150px;max-height:150px;\" srcset=\"https:\/\/photos.weberfam07.de\/wp-content\/uploads\/2022\/01\/20211224_200857-150x150.jpg 150w, https:\/\/photos.weberfam07.de\/wp-content\/uploads\/2022\/01\/20211224_200857-300x300.jpg 300w, https:\/\/photos.weberfam07.de\/wp-content\/uploads\/2022\/01\/20211224_200857.jpg 320w\" sizes=\"auto, (max-width: 150px) 100vw, 150px\" \/><\/div><a class=\"wp-block-latest-posts__post-title\" href=\"https:\/\/photos.weberfam07.de\/?p=556\">Dezember 2021<\/a><div class=\"wp-block-latest-posts__post-excerpt\">Das Jahr n\u00e4hert sich dem Ende &#8230; die Adventszeit ist da. Das Wetter ist den ganzen Monat nass und grau, so dass wir fast nur &hellip; <a href=\"https:\/\/photos.weberfam07.de\/?p=556\">Weiter<\/a><\/div><\/li>\n<li><div class=\"wp-block-latest-posts__featured-image alignleft\"><img loading=\"lazy\" decoding=\"async\" width=\"150\" height=\"150\" src=\"https:\/\/photos.weberfam07.de\/wp-content\/uploads\/2022\/01\/20211127_123312-150x150.jpg\" class=\"attachment-thumbnail size-thumbnail wp-post-image\" alt=\"\" style=\"max-width:150px;max-height:150px;\" srcset=\"https:\/\/photos.weberfam07.de\/wp-content\/uploads\/2022\/01\/20211127_123312-150x150.jpg 150w, https:\/\/photos.weberfam07.de\/wp-content\/uploads\/2022\/01\/20211127_123312-300x300.jpg 300w, https:\/\/photos.weberfam07.de\/wp-content\/uploads\/2022\/01\/20211127_123312.jpg 320w\" sizes=\"auto, (max-width: 150px) 100vw, 150px\" \/><\/div><a class=\"wp-block-latest-posts__post-title\" href=\"https:\/\/photos.weberfam07.de\/?p=552\">November 2021<\/a><div class=\"wp-block-latest-posts__post-excerpt\">Nach dem goldenen Oktober kommt der kalte, nassgraue November. Ein Monat, in dem nicht viel los ist &#8230; Halloween ist vorbei und der Advent steht &hellip; <a href=\"https:\/\/photos.weberfam07.de\/?p=552\">Weiter<\/a><\/div><\/li>\n<li><div class=\"wp-block-latest-posts__featured-image alignleft\"><img loading=\"lazy\" decoding=\"async\" width=\"150\" height=\"150\" src=\"https:\/\/photos.weberfam07.de\/wp-content\/uploads\/2021\/11\/20211023_164602-150x150.jpg\" class=\"attachment-thumbnail size-thumbnail wp-post-image\" alt=\"\" style=\"max-width:150px;max-height:150px;\" srcset=\"https:\/\/photos.weberfam07.de\/wp-content\/uploads\/2021\/11\/20211023_164602-150x150.jpg 150w, https:\/\/photos.weberfam07.de\/wp-content\/uploads\/2021\/11\/20211023_164602-300x300.jpg 300w, https:\/\/photos.weberfam07.de\/wp-content\/uploads\/2021\/11\/20211023_164602.jpg 320w\" sizes=\"auto, (max-width: 150px) 100vw, 150px\" \/><\/div><a class=\"wp-block-latest-posts__post-title\" href=\"https:\/\/photos.weberfam07.de\/?p=546\">Oktober 2021<\/a><div class=\"wp-block-latest-posts__post-excerpt\">Der Oktober ist &#8211; die meiste Zeit zumindest \ud83d\ude09 &#8211; golden. Wir sind mal wieder &#8230; genau, im Humboldt Forum. Anfang des Monats besuchen wir &hellip; <a href=\"https:\/\/photos.weberfam07.de\/?p=546\">Weiter<\/a><\/div><\/li>\n<li><div class=\"wp-block-latest-posts__featured-image alignleft\"><img loading=\"lazy\" decoding=\"async\" width=\"150\" height=\"150\" src=\"https:\/\/photos.weberfam07.de\/wp-content\/uploads\/2021\/11\/20210906_073138-150x150.jpg\" class=\"attachment-thumbnail size-thumbnail wp-post-image\" alt=\"\" style=\"max-width:150px;max-height:150px;\" srcset=\"https:\/\/photos.weberfam07.de\/wp-content\/uploads\/2021\/11\/20210906_073138-150x150.jpg 150w, https:\/\/photos.weberfam07.de\/wp-content\/uploads\/2021\/11\/20210906_073138-300x300.jpg 300w, https:\/\/photos.weberfam07.de\/wp-content\/uploads\/2021\/11\/20210906_073138.jpg 320w\" sizes=\"auto, (max-width: 150px) 100vw, 150px\" \/><\/div><a class=\"wp-block-latest-posts__post-title\" href=\"https:\/\/photos.weberfam07.de\/?p=544\">September 2021<\/a><div class=\"wp-block-latest-posts__post-excerpt\">Jetzt ist schon September. Der Sommer ist noch nicht ganz vorbei und der Herbst hat noch nicht richtig begonnen. In Berlin findet das Festival of &hellip; <a href=\"https:\/\/photos.weberfam07.de\/?p=544\">Weiter<\/a><\/div><\/li>\n<li><div class=\"wp-block-latest-posts__featured-image alignleft\"><img loading=\"lazy\" decoding=\"async\" width=\"150\" height=\"150\" src=\"https:\/\/photos.weberfam07.de\/wp-content\/uploads\/2021\/09\/20210814_134632-150x150.jpg\" class=\"attachment-thumbnail size-thumbnail wp-post-image\" alt=\"\" style=\"max-width:150px;max-height:150px;\" srcset=\"https:\/\/photos.weberfam07.de\/wp-content\/uploads\/2021\/09\/20210814_134632-150x150.jpg 150w, https:\/\/photos.weberfam07.de\/wp-content\/uploads\/2021\/09\/20210814_134632-300x300.jpg 300w, https:\/\/photos.weberfam07.de\/wp-content\/uploads\/2021\/09\/20210814_134632.jpg 320w\" sizes=\"auto, (max-width: 150px) 100vw, 150px\" \/><\/div><a class=\"wp-block-latest-posts__post-title\" href=\"https:\/\/photos.weberfam07.de\/?p=513\">August 2021<\/a><div class=\"wp-block-latest-posts__post-excerpt\">In Berlin er\u00f6ffnet das Humboldt Forum und wir sind dabei! Wir sind jedes Wochenende in der Stadt, machen ausgedehnte Spazierg\u00e4nge, trinken Kaffee im Park am &hellip; <a href=\"https:\/\/photos.weberfam07.de\/?p=513\">Weiter<\/a><\/div><\/li>\n<li><div class=\"wp-block-latest-posts__featured-image alignleft\"><img loading=\"lazy\" decoding=\"async\" width=\"150\" height=\"150\" src=\"https:\/\/photos.weberfam07.de\/wp-content\/uploads\/2021\/09\/20210718_112020-150x150.jpg\" class=\"attachment-thumbnail size-thumbnail wp-post-image\" alt=\"\" style=\"max-width:150px;max-height:150px;\" srcset=\"https:\/\/photos.weberfam07.de\/wp-content\/uploads\/2021\/09\/20210718_112020-150x150.jpg 150w, https:\/\/photos.weberfam07.de\/wp-content\/uploads\/2021\/09\/20210718_112020-300x300.jpg 300w, https:\/\/photos.weberfam07.de\/wp-content\/uploads\/2021\/09\/20210718_112020.jpg 320w\" sizes=\"auto, (max-width: 150px) 100vw, 150px\" \/><\/div><a class=\"wp-block-latest-posts__post-title\" href=\"https:\/\/photos.weberfam07.de\/?p=505\">Juli 2021<\/a><div class=\"wp-block-latest-posts__post-excerpt\">Juli &#8230; Geburtstagsmonat f\u00fcr Carolin. Aber die meiste Zeit sind wir gar nicht zuhause &#8230; wir sind im Urlaub! Zuerst auf Kreta und anschlie\u00dfend in &hellip; <a href=\"https:\/\/photos.weberfam07.de\/?p=505\">Weiter<\/a><\/div><\/li>\n<li><div class=\"wp-block-latest-posts__featured-image alignleft\"><img loading=\"lazy\" decoding=\"async\" width=\"150\" height=\"150\" src=\"https:\/\/photos.weberfam07.de\/wp-content\/uploads\/2021\/09\/20210617_070836-150x150.jpg\" class=\"attachment-thumbnail size-thumbnail wp-post-image\" alt=\"\" style=\"max-width:150px;max-height:150px;\" srcset=\"https:\/\/photos.weberfam07.de\/wp-content\/uploads\/2021\/09\/20210617_070836-150x150.jpg 150w, https:\/\/photos.weberfam07.de\/wp-content\/uploads\/2021\/09\/20210617_070836-300x300.jpg 300w, https:\/\/photos.weberfam07.de\/wp-content\/uploads\/2021\/09\/20210617_070836.jpg 320w\" sizes=\"auto, (max-width: 150px) 100vw, 150px\" \/><\/div><a class=\"wp-block-latest-posts__post-title\" href=\"https:\/\/photos.weberfam07.de\/?p=492\">Juni 2021<\/a><div class=\"wp-block-latest-posts__post-excerpt\">Juni &#8230; Geburtstagsmonat f\u00fcr Luis und Ramona. Wir fahren Fahrrad, paddeln im Spreewald und erklimmen eine riesige F\u00f6rderbr\u00fccke. Den ganzen Monat \u00fcber machen wir viele &hellip; <a href=\"https:\/\/photos.weberfam07.de\/?p=492\">Weiter<\/a><\/div><\/li>\n<li><div class=\"wp-block-latest-posts__featured-image alignleft\"><img loading=\"lazy\" decoding=\"async\" width=\"150\" height=\"150\" src=\"https:\/\/photos.weberfam07.de\/wp-content\/uploads\/2021\/06\/20210523_175837-150x150.jpg\" class=\"attachment-thumbnail size-thumbnail wp-post-image\" alt=\"\" style=\"max-width:150px;max-height:150px;\" srcset=\"https:\/\/photos.weberfam07.de\/wp-content\/uploads\/2021\/06\/20210523_175837-150x150.jpg 150w, https:\/\/photos.weberfam07.de\/wp-content\/uploads\/2021\/06\/20210523_175837-300x300.jpg 300w, https:\/\/photos.weberfam07.de\/wp-content\/uploads\/2021\/06\/20210523_175837.jpg 320w\" sizes=\"auto, (max-width: 150px) 100vw, 150px\" \/><\/div><a class=\"wp-block-latest-posts__post-title\" href=\"https:\/\/photos.weberfam07.de\/?p=486\">Mai 2021<\/a><div class=\"wp-block-latest-posts__post-excerpt\">Im Mai strahlt die Sonne und wir machen viel sch\u00f6ne Ausfl\u00fcge im Umland von Berlin. In Rangsdorf besichtigen wir den ehemaligen Flugplatz &#8211; einen schaurigen &hellip; <a href=\"https:\/\/photos.weberfam07.de\/?p=486\">Weiter<\/a><\/div><\/li>\n<li><div class=\"wp-block-latest-posts__featured-image alignleft\"><img loading=\"lazy\" decoding=\"async\" width=\"150\" height=\"150\" src=\"https:\/\/photos.weberfam07.de\/wp-content\/uploads\/2021\/05\/20210403_185835-150x150.jpg\" class=\"attachment-thumbnail size-thumbnail wp-post-image\" alt=\"\" style=\"max-width:150px;max-height:150px;\" srcset=\"https:\/\/photos.weberfam07.de\/wp-content\/uploads\/2021\/05\/20210403_185835-150x150.jpg 150w, https:\/\/photos.weberfam07.de\/wp-content\/uploads\/2021\/05\/20210403_185835-300x300.jpg 300w, https:\/\/photos.weberfam07.de\/wp-content\/uploads\/2021\/05\/20210403_185835.jpg 320w\" sizes=\"auto, (max-width: 150px) 100vw, 150px\" \/><\/div><a class=\"wp-block-latest-posts__post-title\" href=\"https:\/\/photos.weberfam07.de\/?p=469\">April 2021<\/a><div class=\"wp-block-latest-posts__post-excerpt\">Im April, im April macht das Wetter, was es will &#8230; und genau so kommt es auch. Sonnenschein, Regen und Sturm wechseln sich ab. Wir &hellip; <a href=\"https:\/\/photos.weberfam07.de\/?p=469\">Weiter<\/a><\/div><\/li>\n<li><div class=\"wp-block-latest-posts__featured-image alignleft\"><img loading=\"lazy\" decoding=\"async\" width=\"150\" height=\"150\" src=\"https:\/\/photos.weberfam07.de\/wp-content\/uploads\/2021\/05\/20210327_151952-1-150x150.jpg\" class=\"attachment-thumbnail size-thumbnail wp-post-image\" alt=\"\" style=\"max-width:150px;max-height:150px;\" srcset=\"https:\/\/photos.weberfam07.de\/wp-content\/uploads\/2021\/05\/20210327_151952-1-150x150.jpg 150w, https:\/\/photos.weberfam07.de\/wp-content\/uploads\/2021\/05\/20210327_151952-1-300x300.jpg 300w, https:\/\/photos.weberfam07.de\/wp-content\/uploads\/2021\/05\/20210327_151952-1.jpg 320w\" sizes=\"auto, (max-width: 150px) 100vw, 150px\" \/><\/div><a class=\"wp-block-latest-posts__post-title\" href=\"https:\/\/photos.weberfam07.de\/?p=465\">M\u00e4rz 2021<\/a><div class=\"wp-block-latest-posts__post-excerpt\">Der M\u00e4rz sorgt daf\u00fcr, dass die ersten Fr\u00fchlingsblumen ihren Kopf aus der Erde strecken. Wir gehen in Potsdam und im Tiergarten spazieren und schicken unseren &hellip; <a href=\"https:\/\/photos.weberfam07.de\/?p=465\">Weiter<\/a><\/div><\/li>\n<li><div class=\"wp-block-latest-posts__featured-image alignleft\"><img loading=\"lazy\" decoding=\"async\" width=\"150\" height=\"150\" src=\"https:\/\/photos.weberfam07.de\/wp-content\/uploads\/2021\/05\/20210213_152050-150x150.jpg\" class=\"attachment-thumbnail size-thumbnail wp-post-image\" alt=\"\" style=\"max-width:150px;max-height:150px;\" srcset=\"https:\/\/photos.weberfam07.de\/wp-content\/uploads\/2021\/05\/20210213_152050-150x150.jpg 150w, https:\/\/photos.weberfam07.de\/wp-content\/uploads\/2021\/05\/20210213_152050-300x300.jpg 300w, https:\/\/photos.weberfam07.de\/wp-content\/uploads\/2021\/05\/20210213_152050.jpg 320w\" sizes=\"auto, (max-width: 150px) 100vw, 150px\" \/><\/div><a class=\"wp-block-latest-posts__post-title\" href=\"https:\/\/photos.weberfam07.de\/?p=275\">Februar 2021<\/a><div class=\"wp-block-latest-posts__post-excerpt\">Auch im Februar bleibt der Schnee \u2744 noch liegen und wir bauen einen Iglu. Nat\u00fcrlich gehen wir jedes Wochenende Schlittenfahren.Und auf einmal war der Schnee &hellip; <a href=\"https:\/\/photos.weberfam07.de\/?p=275\">Weiter<\/a><\/div><\/li>\n<li><div class=\"wp-block-latest-posts__featured-image alignleft\"><img loading=\"lazy\" decoding=\"async\" width=\"150\" height=\"150\" src=\"https:\/\/photos.weberfam07.de\/wp-content\/uploads\/2021\/05\/20210103_1216520-150x150.jpg\" class=\"attachment-thumbnail size-thumbnail wp-post-image\" alt=\"\" style=\"max-width:150px;max-height:150px;\" srcset=\"https:\/\/photos.weberfam07.de\/wp-content\/uploads\/2021\/05\/20210103_1216520-150x150.jpg 150w, https:\/\/photos.weberfam07.de\/wp-content\/uploads\/2021\/05\/20210103_1216520-300x300.jpg 300w, https:\/\/photos.weberfam07.de\/wp-content\/uploads\/2021\/05\/20210103_1216520.jpg 320w\" sizes=\"auto, (max-width: 150px) 100vw, 150px\" \/><\/div><a class=\"wp-block-latest-posts__post-title\" href=\"https:\/\/photos.weberfam07.de\/?p=145\">Januar 2021<\/a><div class=\"wp-block-latest-posts__post-excerpt\">Das neue Jahr hat begonnen und auf einmal f\u00e4ngt es an zu schneien! Es liegt so viel und lange Schnee, wie seit 10 Jahren nicht &hellip; <a href=\"https:\/\/photos.weberfam07.de\/?p=145\">Weiter<\/a><\/div><\/li>\n<\/ul>","protected":false},"excerpt":{"rendered":"","protected":false},"author":1,"featured_media":0,"parent":0,"menu_order":0,"comment_status":"closed","ping_status":"closed","template":"","meta":{"kt_blocks_editor_width":"","footnotes":""},"class_list":["post-281","page","type-page","status-publish","hentry"],"_links":{"self":[{"href":"https:\/\/photos.weberfam07.de\/index.php?rest_route=\/wp\/v2\/pages\/281","targetHints":{"allow":["GET"]}}],"collection":[{"href":"https:\/\/photos.weberfam07.de\/index.php?rest_route=\/wp\/v2\/pages"}],"about":[{"href":"https:\/\/photos.weberfam07.de\/index.php?rest_route=\/wp\/v2\/types\/page"}],"author":[{"embeddable":true,"href":"https:\/\/photos.weberfam07.de\/index.php?rest_route=\/wp\/v2\/users\/1"}],"replies":[{"embeddable":true,"href":"https:\/\/photos.weberfam07.de\/index.php?rest_route=%2Fwp%2Fv2%2Fcomments&post=281"}],"version-history":[{"count":5,"href":"https:\/\/photos.weberfam07.de\/index.php?rest_route=\/wp\/v2\/pages\/281\/revisions"}],"predecessor-version":[{"id":476,"href":"https:\/\/photos.weberfam07.de\/index.php?rest_route=\/wp\/v2\/pages\/281\/revisions\/476"}],"wp:attachment":[{"href":"https:\/\/photos.weberfam07.de\/index.php?rest_route=%2Fwp%2Fv2%2Fmedia&parent=281"}],"curies":[{"name":"wp","href":"https:\/\/api.w.org\/{rel}","templated":true}]}}