{"id":560,"date":"2022-01-01T17:48:58","date_gmt":"2022-01-01T16:48:58","guid":{"rendered":"https:\/\/photos.weberfam07.de\/?page_id=560"},"modified":"2022-03-05T18:21:21","modified_gmt":"2022-03-05T17:21:21","slug":"fotos-2022","status":"publish","type":"page","link":"https:\/\/photos.weberfam07.de\/?page_id=560","title":{"rendered":"Fotos 2022"},"content":{"rendered":"<ul class=\"wp-block-latest-posts__list is-grid columns-2 wp-block-latest-posts\"><li><div class=\"wp-block-latest-posts__featured-image alignleft\"><img loading=\"lazy\" decoding=\"async\" width=\"150\" height=\"150\" src=\"https:\/\/photos.weberfam07.de\/wp-content\/uploads\/2023\/01\/20221224_175106-150x150.jpg\" class=\"attachment-thumbnail size-thumbnail wp-post-image\" alt=\"\" style=\"max-width:150px;max-height:150px;\" srcset=\"https:\/\/photos.weberfam07.de\/wp-content\/uploads\/2023\/01\/20221224_175106-150x150.jpg 150w, https:\/\/photos.weberfam07.de\/wp-content\/uploads\/2023\/01\/20221224_175106-300x300.jpg 300w, https:\/\/photos.weberfam07.de\/wp-content\/uploads\/2023\/01\/20221224_175106.jpg 320w\" sizes=\"auto, (max-width: 150px) 100vw, 150px\" \/><\/div><a class=\"wp-block-latest-posts__post-title\" href=\"https:\/\/photos.weberfam07.de\/?p=894\">Dezember 2022<\/a><div class=\"wp-block-latest-posts__post-excerpt\">Advent \ud83d\udd6f, Advent \ud83d\udd6f &#8230; es ist fast Weihnachten und wir freuen uns alle schon riesig darauf. Mama und Carolin backen, backen und backen. Auch &hellip; <a href=\"https:\/\/photos.weberfam07.de\/?p=894\">Weiter<\/a><\/div><\/li>\n<li><div class=\"wp-block-latest-posts__featured-image alignleft\"><img loading=\"lazy\" decoding=\"async\" width=\"150\" height=\"150\" src=\"https:\/\/photos.weberfam07.de\/wp-content\/uploads\/2022\/11\/20221205_140843-150x150.jpg\" class=\"attachment-thumbnail size-thumbnail wp-post-image\" alt=\"\" style=\"max-width:150px;max-height:150px;\" srcset=\"https:\/\/photos.weberfam07.de\/wp-content\/uploads\/2022\/11\/20221205_140843-150x150.jpg 150w, https:\/\/photos.weberfam07.de\/wp-content\/uploads\/2022\/11\/20221205_140843-300x300.jpg 300w, https:\/\/photos.weberfam07.de\/wp-content\/uploads\/2022\/11\/20221205_140843.jpg 320w\" sizes=\"auto, (max-width: 150px) 100vw, 150px\" \/><\/div><a class=\"wp-block-latest-posts__post-title\" href=\"https:\/\/photos.weberfam07.de\/?p=887\">November 2022<\/a><div class=\"wp-block-latest-posts__post-excerpt\">Nach unserer R\u00fcckkehr aus Barcelona ist es so richtig nass \u2614, kalt \ud83e\uddca und ungem\u00fctlich \ud83e\udd76 in Berlin. Wir bleiben zuhause und sehen zu, wie &hellip; <a href=\"https:\/\/photos.weberfam07.de\/?p=887\">Weiter<\/a><\/div><\/li>\n<li><div class=\"wp-block-latest-posts__featured-image alignleft\"><img loading=\"lazy\" decoding=\"async\" width=\"150\" height=\"150\" src=\"https:\/\/photos.weberfam07.de\/wp-content\/uploads\/2022\/12\/20221003_131349-150x150.jpg\" class=\"attachment-thumbnail size-thumbnail wp-post-image\" alt=\"\" style=\"max-width:150px;max-height:150px;\" srcset=\"https:\/\/photos.weberfam07.de\/wp-content\/uploads\/2022\/12\/20221003_131349-150x150.jpg 150w, https:\/\/photos.weberfam07.de\/wp-content\/uploads\/2022\/12\/20221003_131349-300x300.jpg 300w, https:\/\/photos.weberfam07.de\/wp-content\/uploads\/2022\/12\/20221003_131349.jpg 320w\" sizes=\"auto, (max-width: 150px) 100vw, 150px\" \/><\/div><a class=\"wp-block-latest-posts__post-title\" href=\"https:\/\/photos.weberfam07.de\/?p=857\">Oktober 2022<\/a><div class=\"wp-block-latest-posts__post-excerpt\">Der Herbst \ud83c\udf42 ist da. Wir machen trotzdem weiterhin unsere Spazierg\u00e4nge &#8230; nach Potsdam und auch durch unseren Heimatbezirk \ud83c\udfd9. Wir sind auch wieder beim &hellip; <a href=\"https:\/\/photos.weberfam07.de\/?p=857\">Weiter<\/a><\/div><\/li>\n<li><div class=\"wp-block-latest-posts__featured-image alignleft\"><img loading=\"lazy\" decoding=\"async\" width=\"150\" height=\"150\" src=\"https:\/\/photos.weberfam07.de\/wp-content\/uploads\/2022\/10\/20220924_155944-150x150.jpg\" class=\"attachment-thumbnail size-thumbnail wp-post-image\" alt=\"\" style=\"max-width:150px;max-height:150px;\" srcset=\"https:\/\/photos.weberfam07.de\/wp-content\/uploads\/2022\/10\/20220924_155944-150x150.jpg 150w, https:\/\/photos.weberfam07.de\/wp-content\/uploads\/2022\/10\/20220924_155944-300x300.jpg 300w, https:\/\/photos.weberfam07.de\/wp-content\/uploads\/2022\/10\/20220924_155944.jpg 320w\" sizes=\"auto, (max-width: 150px) 100vw, 150px\" \/><\/div><a class=\"wp-block-latest-posts__post-title\" href=\"https:\/\/photos.weberfam07.de\/?p=699\">September 2022<\/a><div class=\"wp-block-latest-posts__post-excerpt\">Langsam wird es Herbst \ud83c\udf42. Bevor es k\u00fchl wird, machen wir noch eine Fahrradtour in die Innenstadt und essen Eis. Mama backt ganz viel &#8230; &hellip; <a href=\"https:\/\/photos.weberfam07.de\/?p=699\">Weiter<\/a><\/div><\/li>\n<li><div class=\"wp-block-latest-posts__featured-image alignleft\"><img loading=\"lazy\" decoding=\"async\" width=\"150\" height=\"150\" src=\"https:\/\/photos.weberfam07.de\/wp-content\/uploads\/2022\/10\/20220813_142156-150x150.jpg\" class=\"attachment-thumbnail size-thumbnail wp-post-image\" alt=\"\" style=\"max-width:150px;max-height:150px;\" srcset=\"https:\/\/photos.weberfam07.de\/wp-content\/uploads\/2022\/10\/20220813_142156-150x150.jpg 150w, https:\/\/photos.weberfam07.de\/wp-content\/uploads\/2022\/10\/20220813_142156-300x300.jpg 300w, https:\/\/photos.weberfam07.de\/wp-content\/uploads\/2022\/10\/20220813_142156.jpg 320w\" sizes=\"auto, (max-width: 150px) 100vw, 150px\" \/><\/div><a class=\"wp-block-latest-posts__post-title\" href=\"https:\/\/photos.weberfam07.de\/?p=696\">August 2022<\/a><div class=\"wp-block-latest-posts__post-excerpt\">Die Sommerferien gehen zu Ende. Wir sind aus dem Urlaub zur\u00fcck und haben noch eine Ferienwoche vor uns. Carolin ist &#8211; wie jedes Jahr &#8211; &hellip; <a href=\"https:\/\/photos.weberfam07.de\/?p=696\">Weiter<\/a><\/div><\/li>\n<li><div class=\"wp-block-latest-posts__featured-image alignleft\"><img loading=\"lazy\" decoding=\"async\" width=\"150\" height=\"150\" src=\"https:\/\/photos.weberfam07.de\/wp-content\/uploads\/2022\/10\/20220703_074951-150x150.jpg\" class=\"attachment-thumbnail size-thumbnail wp-post-image\" alt=\"\" style=\"max-width:150px;max-height:150px;\" srcset=\"https:\/\/photos.weberfam07.de\/wp-content\/uploads\/2022\/10\/20220703_074951-150x150.jpg 150w, https:\/\/photos.weberfam07.de\/wp-content\/uploads\/2022\/10\/20220703_074951-300x300.jpg 300w, https:\/\/photos.weberfam07.de\/wp-content\/uploads\/2022\/10\/20220703_074951.jpg 320w\" sizes=\"auto, (max-width: 150px) 100vw, 150px\" \/><\/div><a class=\"wp-block-latest-posts__post-title\" href=\"https:\/\/photos.weberfam07.de\/?p=694\">Juli 2022<\/a><div class=\"wp-block-latest-posts__post-excerpt\">P\u00fcnktlich zu Carolins Geburtstag ist Luis zur\u00fcck von seiner Klassenfahrt. Wir feiern zusammen \ud83d\ude42 &#8230; und auch Luis kann noch seinen Geburtstag nachfeiern. Nach vielen &hellip; <a href=\"https:\/\/photos.weberfam07.de\/?p=694\">Weiter<\/a><\/div><\/li>\n<li><div class=\"wp-block-latest-posts__featured-image alignleft\"><img loading=\"lazy\" decoding=\"async\" width=\"150\" height=\"150\" src=\"https:\/\/photos.weberfam07.de\/wp-content\/uploads\/2022\/10\/20220606_140018-150x150.jpg\" class=\"attachment-thumbnail size-thumbnail wp-post-image\" alt=\"\" style=\"max-width:150px;max-height:150px;\" srcset=\"https:\/\/photos.weberfam07.de\/wp-content\/uploads\/2022\/10\/20220606_140018-150x150.jpg 150w, https:\/\/photos.weberfam07.de\/wp-content\/uploads\/2022\/10\/20220606_140018-300x300.jpg 300w, https:\/\/photos.weberfam07.de\/wp-content\/uploads\/2022\/10\/20220606_140018.jpg 320w\" sizes=\"auto, (max-width: 150px) 100vw, 150px\" \/><\/div><a class=\"wp-block-latest-posts__post-title\" href=\"https:\/\/photos.weberfam07.de\/?p=806\">Juni 2022<\/a><div class=\"wp-block-latest-posts__post-excerpt\">Die Steglitzer Festwoche ist zur\u00fcck und Carolin darf endlich wieder vor Publikum tanzen \ud83d\udc83. Wir machen mehrere Fahrradausfl\u00fcge, einer davon f\u00fchrt uns vom Treptower Park &hellip; <a href=\"https:\/\/photos.weberfam07.de\/?p=806\">Weiter<\/a><\/div><\/li>\n<li><div class=\"wp-block-latest-posts__featured-image alignleft\"><img loading=\"lazy\" decoding=\"async\" width=\"150\" height=\"150\" src=\"https:\/\/photos.weberfam07.de\/wp-content\/uploads\/2022\/06\/20220514_163718-150x150.jpg\" class=\"attachment-thumbnail size-thumbnail wp-post-image\" alt=\"\" style=\"max-width:150px;max-height:150px;\" srcset=\"https:\/\/photos.weberfam07.de\/wp-content\/uploads\/2022\/06\/20220514_163718-150x150.jpg 150w, https:\/\/photos.weberfam07.de\/wp-content\/uploads\/2022\/06\/20220514_163718-300x300.jpg 300w, https:\/\/photos.weberfam07.de\/wp-content\/uploads\/2022\/06\/20220514_163718.jpg 320w\" sizes=\"auto, (max-width: 150px) 100vw, 150px\" \/><\/div><a class=\"wp-block-latest-posts__post-title\" href=\"https:\/\/photos.weberfam07.de\/?p=664\">Mai 2022<\/a><div class=\"wp-block-latest-posts__post-excerpt\">Der Mai bringt endlich das ersehnte sch\u00f6ne Wetter \ud83d\ude42 . Nat\u00fcrlich setzen wir unsere Berliner Spazierg\u00e4nge fort. Einmal durch Friedrichshain und einmal durch Kreuzberg: durch &hellip; <a href=\"https:\/\/photos.weberfam07.de\/?p=664\">Weiter<\/a><\/div><\/li>\n<li><div class=\"wp-block-latest-posts__featured-image alignleft\"><img loading=\"lazy\" decoding=\"async\" width=\"150\" height=\"150\" src=\"https:\/\/photos.weberfam07.de\/wp-content\/uploads\/2022\/05\/20220417_105553-150x150.jpg\" class=\"attachment-thumbnail size-thumbnail wp-post-image\" alt=\"\" style=\"max-width:150px;max-height:150px;\" srcset=\"https:\/\/photos.weberfam07.de\/wp-content\/uploads\/2022\/05\/20220417_105553-150x150.jpg 150w, https:\/\/photos.weberfam07.de\/wp-content\/uploads\/2022\/05\/20220417_105553-300x300.jpg 300w, https:\/\/photos.weberfam07.de\/wp-content\/uploads\/2022\/05\/20220417_105553.jpg 320w\" sizes=\"auto, (max-width: 150px) 100vw, 150px\" \/><\/div><a class=\"wp-block-latest-posts__post-title\" href=\"https:\/\/photos.weberfam07.de\/?p=618\">April 2022<\/a><div class=\"wp-block-latest-posts__post-excerpt\">Im April, im April macht das Wetter, was es will. Das gilt auch in diesem Jahr. Der April ist ein Wechsel zwischen Sonne, Wolken, Regen &hellip; <a href=\"https:\/\/photos.weberfam07.de\/?p=618\">Weiter<\/a><\/div><\/li>\n<li><div class=\"wp-block-latest-posts__featured-image alignleft\"><img loading=\"lazy\" decoding=\"async\" width=\"150\" height=\"150\" src=\"https:\/\/photos.weberfam07.de\/wp-content\/uploads\/2022\/05\/20220308_142926-150x150.jpg\" class=\"attachment-thumbnail size-thumbnail wp-post-image\" alt=\"\" style=\"max-width:150px;max-height:150px;\" srcset=\"https:\/\/photos.weberfam07.de\/wp-content\/uploads\/2022\/05\/20220308_142926-150x150.jpg 150w, https:\/\/photos.weberfam07.de\/wp-content\/uploads\/2022\/05\/20220308_142926-300x300.jpg 300w, https:\/\/photos.weberfam07.de\/wp-content\/uploads\/2022\/05\/20220308_142926.jpg 320w\" sizes=\"auto, (max-width: 150px) 100vw, 150px\" \/><\/div><a class=\"wp-block-latest-posts__post-title\" href=\"https:\/\/photos.weberfam07.de\/?p=616\">M\u00e4rz 2022<\/a><div class=\"wp-block-latest-posts__post-excerpt\">Ganz langsam traut sich der Fr\u00fchling nach Berlin. Vielleicht haben ja die f\u00f6hlichen K\u00fckenbilder und Carolins cooles Faschingskost\u00fcm geholfen ;-). Die ersten Fr\u00fchlingsblumen sind zu &hellip; <a href=\"https:\/\/photos.weberfam07.de\/?p=616\">Weiter<\/a><\/div><\/li>\n<li><div class=\"wp-block-latest-posts__featured-image alignleft\"><img loading=\"lazy\" decoding=\"async\" width=\"150\" height=\"150\" src=\"https:\/\/photos.weberfam07.de\/wp-content\/uploads\/2022\/03\/20220205_130623-150x150.jpg\" class=\"attachment-thumbnail size-thumbnail wp-post-image\" alt=\"\" style=\"max-width:150px;max-height:150px;\" srcset=\"https:\/\/photos.weberfam07.de\/wp-content\/uploads\/2022\/03\/20220205_130623-150x150.jpg 150w, https:\/\/photos.weberfam07.de\/wp-content\/uploads\/2022\/03\/20220205_130623-300x300.jpg 300w, https:\/\/photos.weberfam07.de\/wp-content\/uploads\/2022\/03\/20220205_130623.jpg 320w\" sizes=\"auto, (max-width: 150px) 100vw, 150px\" \/><\/div><a class=\"wp-block-latest-posts__post-title\" href=\"https:\/\/photos.weberfam07.de\/?p=595\">Februar 2022<\/a><div class=\"wp-block-latest-posts__post-excerpt\">Auch der Februar ist die meiste Zeit nass und kalt \ud83d\ude41 . An den wenigen sch\u00f6nen Tagen gehen wir in der Umgebung kurz spazieren. Und &hellip; <a href=\"https:\/\/photos.weberfam07.de\/?p=595\">Weiter<\/a><\/div><\/li>\n<li><div class=\"wp-block-latest-posts__featured-image alignleft\"><img loading=\"lazy\" decoding=\"async\" width=\"150\" height=\"150\" src=\"https:\/\/photos.weberfam07.de\/wp-content\/uploads\/2022\/03\/20220101_150407-150x150.jpg\" class=\"attachment-thumbnail size-thumbnail wp-post-image\" alt=\"\" style=\"max-width:150px;max-height:150px;\" srcset=\"https:\/\/photos.weberfam07.de\/wp-content\/uploads\/2022\/03\/20220101_150407-150x150.jpg 150w, https:\/\/photos.weberfam07.de\/wp-content\/uploads\/2022\/03\/20220101_150407-300x300.jpg 300w, https:\/\/photos.weberfam07.de\/wp-content\/uploads\/2022\/03\/20220101_150407.jpg 320w\" sizes=\"auto, (max-width: 150px) 100vw, 150px\" \/><\/div><a class=\"wp-block-latest-posts__post-title\" href=\"https:\/\/photos.weberfam07.de\/?p=579\">Januar 2022<\/a><div class=\"wp-block-latest-posts__post-excerpt\">Das Jahr f\u00e4ngt ja gut an &#8230; das Wetter ist zwar nicht besonders, aber wir haben ja uns \ud83d\ude42Und Mama backt ganz viele leckere Sachen: &hellip; <a href=\"https:\/\/photos.weberfam07.de\/?p=579\">Weiter<\/a><\/div><\/li>\n<\/ul>","protected":false},"excerpt":{"rendered":"","protected":false},"author":1,"featured_media":0,"parent":0,"menu_order":0,"comment_status":"closed","ping_status":"closed","template":"","meta":{"kt_blocks_editor_width":"","footnotes":""},"class_list":["post-560","page","type-page","status-publish","hentry"],"_links":{"self":[{"href":"https:\/\/photos.weberfam07.de\/index.php?rest_route=\/wp\/v2\/pages\/560","targetHints":{"allow":["GET"]}}],"collection":[{"href":"https:\/\/photos.weberfam07.de\/index.php?rest_route=\/wp\/v2\/pages"}],"about":[{"href":"https:\/\/photos.weberfam07.de\/index.php?rest_route=\/wp\/v2\/types\/page"}],"author":[{"embeddable":true,"href":"https:\/\/photos.weberfam07.de\/index.php?rest_route=\/wp\/v2\/users\/1"}],"replies":[{"embeddable":true,"href":"https:\/\/photos.weberfam07.de\/index.php?rest_route=%2Fwp%2Fv2%2Fcomments&post=560"}],"version-history":[{"count":2,"href":"https:\/\/photos.weberfam07.de\/index.php?rest_route=\/wp\/v2\/pages\/560\/revisions"}],"predecessor-version":[{"id":562,"href":"https:\/\/photos.weberfam07.de\/index.php?rest_route=\/wp\/v2\/pages\/560\/revisions\/562"}],"wp:attachment":[{"href":"https:\/\/photos.weberfam07.de\/index.php?rest_route=%2Fwp%2Fv2%2Fmedia&parent=560"}],"curies":[{"name":"wp","href":"https:\/\/api.w.org\/{rel}","templated":true}]}}