{"id":910,"date":"2023-02-12T16:47:29","date_gmt":"2023-02-12T15:47:29","guid":{"rendered":"https:\/\/photos.weberfam07.de\/?page_id=910"},"modified":"2023-02-12T16:47:32","modified_gmt":"2023-02-12T15:47:32","slug":"fotos-2023","status":"publish","type":"page","link":"https:\/\/photos.weberfam07.de\/?page_id=910","title":{"rendered":"Fotos 2023"},"content":{"rendered":"<ul class=\"wp-block-latest-posts__list is-grid columns-2 wp-block-latest-posts\"><li><div class=\"wp-block-latest-posts__featured-image alignleft\"><img loading=\"lazy\" decoding=\"async\" width=\"150\" height=\"150\" src=\"https:\/\/photos.weberfam07.de\/wp-content\/uploads\/2024\/02\/20231224_161729-150x150.jpg\" class=\"attachment-thumbnail size-thumbnail wp-post-image\" alt=\"\" style=\"max-width:150px;max-height:150px;\" srcset=\"https:\/\/photos.weberfam07.de\/wp-content\/uploads\/2024\/02\/20231224_161729-150x150.jpg 150w, https:\/\/photos.weberfam07.de\/wp-content\/uploads\/2024\/02\/20231224_161729-300x300.jpg 300w, https:\/\/photos.weberfam07.de\/wp-content\/uploads\/2024\/02\/20231224_161729.jpg 320w\" sizes=\"auto, (max-width: 150px) 100vw, 150px\" \/><\/div><a class=\"wp-block-latest-posts__post-title\" href=\"https:\/\/photos.weberfam07.de\/?p=1657\">Dezember 2023<\/a><div class=\"wp-block-latest-posts__post-excerpt\">Die Weihnachtszeit ist da und in der Stadt ist alles weihnachtlich geschm\u00fcckt \ud83c\udf84. Und was geh\u00f6rt unbedingt zum Dezember dazu &#8230; ganz viele sch\u00f6ne Adventskalender. &hellip; <a href=\"https:\/\/photos.weberfam07.de\/?p=1657\">Weiter<\/a><\/div><\/li>\n<li><div class=\"wp-block-latest-posts__featured-image alignleft\"><img loading=\"lazy\" decoding=\"async\" width=\"150\" height=\"150\" src=\"https:\/\/photos.weberfam07.de\/wp-content\/uploads\/2023\/12\/20231219_112006_sq_scale-150x150.jpg\" class=\"attachment-thumbnail size-thumbnail wp-post-image\" alt=\"\" style=\"max-width:150px;max-height:150px;\" srcset=\"https:\/\/photos.weberfam07.de\/wp-content\/uploads\/2023\/12\/20231219_112006_sq_scale-150x150.jpg 150w, https:\/\/photos.weberfam07.de\/wp-content\/uploads\/2023\/12\/20231219_112006_sq_scale-300x300.jpg 300w, https:\/\/photos.weberfam07.de\/wp-content\/uploads\/2023\/12\/20231219_112006_sq_scale.jpg 320w\" sizes=\"auto, (max-width: 150px) 100vw, 150px\" \/><\/div><a class=\"wp-block-latest-posts__post-title\" href=\"https:\/\/photos.weberfam07.de\/?p=1644\">November 2023<\/a><div class=\"wp-block-latest-posts__post-excerpt\">Das Jahr n\u00e4hert sich langsam dem Ende. Wir sind aus Prag zur\u00fcck und f\u00fcr die Kinder stehen die letzten Klausuren in der Schule an. Deshalb &hellip; <a href=\"https:\/\/photos.weberfam07.de\/?p=1644\">Weiter<\/a><\/div><\/li>\n<li><div class=\"wp-block-latest-posts__featured-image alignleft\"><img loading=\"lazy\" decoding=\"async\" width=\"150\" height=\"150\" src=\"https:\/\/photos.weberfam07.de\/wp-content\/uploads\/2023\/11\/20231022_151216-150x150.jpg\" class=\"attachment-thumbnail size-thumbnail wp-post-image\" alt=\"\" style=\"max-width:150px;max-height:150px;\" srcset=\"https:\/\/photos.weberfam07.de\/wp-content\/uploads\/2023\/11\/20231022_151216-150x150.jpg 150w, https:\/\/photos.weberfam07.de\/wp-content\/uploads\/2023\/11\/20231022_151216-300x300.jpg 300w, https:\/\/photos.weberfam07.de\/wp-content\/uploads\/2023\/11\/20231022_151216.jpg 320w\" sizes=\"auto, (max-width: 150px) 100vw, 150px\" \/><\/div><a class=\"wp-block-latest-posts__post-title\" href=\"https:\/\/photos.weberfam07.de\/?p=1469\">Oktober 2023<\/a><div class=\"wp-block-latest-posts__post-excerpt\">Der Herbst ist da \ud83c\udf42. Das Wetter in Berlin wird schlechter und wir denken mit Sehnsucht zur\u00fcck an die Sonne \ud83c\udf1e und W\u00e4rme in Amerika. &hellip; <a href=\"https:\/\/photos.weberfam07.de\/?p=1469\">Weiter<\/a><\/div><\/li>\n<li><div class=\"wp-block-latest-posts__featured-image alignleft\"><img loading=\"lazy\" decoding=\"async\" width=\"150\" height=\"150\" src=\"https:\/\/photos.weberfam07.de\/wp-content\/uploads\/2023\/09\/20230930_174941-150x150.jpg\" class=\"attachment-thumbnail size-thumbnail wp-post-image\" alt=\"\" style=\"max-width:150px;max-height:150px;\" srcset=\"https:\/\/photos.weberfam07.de\/wp-content\/uploads\/2023\/09\/20230930_174941-150x150.jpg 150w, https:\/\/photos.weberfam07.de\/wp-content\/uploads\/2023\/09\/20230930_174941-300x300.jpg 300w, https:\/\/photos.weberfam07.de\/wp-content\/uploads\/2023\/09\/20230930_174941.jpg 320w\" sizes=\"auto, (max-width: 150px) 100vw, 150px\" \/><\/div><a class=\"wp-block-latest-posts__post-title\" href=\"https:\/\/photos.weberfam07.de\/?p=1362\">September 2023<\/a><div class=\"wp-block-latest-posts__post-excerpt\">Die Schule hat wieder angefangen und der Alltag hat uns wieder &#8230; und Corona erwischt auch noch die H\u00e4lfte der Familie. Sobald wieder alle gesund &hellip; <a href=\"https:\/\/photos.weberfam07.de\/?p=1362\">Weiter<\/a><\/div><\/li>\n<li><div class=\"wp-block-latest-posts__featured-image alignleft\"><img loading=\"lazy\" decoding=\"async\" width=\"150\" height=\"150\" src=\"https:\/\/photos.weberfam07.de\/wp-content\/uploads\/2023\/10\/20230803_192455-150x150.jpg\" class=\"attachment-thumbnail size-thumbnail wp-post-image\" alt=\"\" style=\"max-width:150px;max-height:150px;\" srcset=\"https:\/\/photos.weberfam07.de\/wp-content\/uploads\/2023\/10\/20230803_192455-150x150.jpg 150w, https:\/\/photos.weberfam07.de\/wp-content\/uploads\/2023\/10\/20230803_192455-300x300.jpg 300w, https:\/\/photos.weberfam07.de\/wp-content\/uploads\/2023\/10\/20230803_192455.jpg 320w\" sizes=\"auto, (max-width: 150px) 100vw, 150px\" \/><\/div><a class=\"wp-block-latest-posts__post-title\" href=\"https:\/\/photos.weberfam07.de\/?p=1280\">August 2023<\/a><div class=\"wp-block-latest-posts__post-excerpt\">Im August sind wir nur kurz zuhause. Luis ist Anfang des Monats noch immer bei der Sch\u00fclerakademie. Caro macht in der Zeit ein paar coole &hellip; <a href=\"https:\/\/photos.weberfam07.de\/?p=1280\">Weiter<\/a><\/div><\/li>\n<li><div class=\"wp-block-latest-posts__featured-image alignleft\"><img loading=\"lazy\" decoding=\"async\" width=\"150\" height=\"150\" src=\"https:\/\/photos.weberfam07.de\/wp-content\/uploads\/2023\/09\/20230722_083324-150x150.jpg\" class=\"attachment-thumbnail size-thumbnail wp-post-image\" alt=\"\" style=\"max-width:150px;max-height:150px;\" srcset=\"https:\/\/photos.weberfam07.de\/wp-content\/uploads\/2023\/09\/20230722_083324-150x150.jpg 150w, https:\/\/photos.weberfam07.de\/wp-content\/uploads\/2023\/09\/20230722_083324-300x300.jpg 300w, https:\/\/photos.weberfam07.de\/wp-content\/uploads\/2023\/09\/20230722_083324.jpg 320w\" sizes=\"auto, (max-width: 150px) 100vw, 150px\" \/><\/div><a class=\"wp-block-latest-posts__post-title\" href=\"https:\/\/photos.weberfam07.de\/?p=1124\">Juli 2023<\/a><div class=\"wp-block-latest-posts__post-excerpt\">Der Juli ist aufregend. Gleich zu Beginn hat Carolin Geburtstag \ud83c\udf82, muss aber ganz fr\u00fch um 3 Uhr aufstehen. Denn Geburtstag feiern und Geschenke auspacken &hellip; <a href=\"https:\/\/photos.weberfam07.de\/?p=1124\">Weiter<\/a><\/div><\/li>\n<li><div class=\"wp-block-latest-posts__featured-image alignleft\"><img loading=\"lazy\" decoding=\"async\" width=\"150\" height=\"150\" src=\"https:\/\/photos.weberfam07.de\/wp-content\/uploads\/2023\/07\/20230617_094501-150x150.jpg\" class=\"attachment-thumbnail size-thumbnail wp-post-image\" alt=\"\" style=\"max-width:150px;max-height:150px;\" srcset=\"https:\/\/photos.weberfam07.de\/wp-content\/uploads\/2023\/07\/20230617_094501-150x150.jpg 150w, https:\/\/photos.weberfam07.de\/wp-content\/uploads\/2023\/07\/20230617_094501-300x300.jpg 300w, https:\/\/photos.weberfam07.de\/wp-content\/uploads\/2023\/07\/20230617_094501.jpg 320w\" sizes=\"auto, (max-width: 150px) 100vw, 150px\" \/><\/div><a class=\"wp-block-latest-posts__post-title\" href=\"https:\/\/photos.weberfam07.de\/?p=1094\">Juni 2023<\/a><div class=\"wp-block-latest-posts__post-excerpt\">Der Juni ist &#8220;Geburtstagsmonat&#8221; &#8230; erst hat Luis Geburtstag und danach Mama. Mama backt ganz viele Geburstagskuchen, -muffins und -torten &#8230; wie lecker \ud83d\ude0e\ud83d\ude0a\ud83d\ude0b. Leider &hellip; <a href=\"https:\/\/photos.weberfam07.de\/?p=1094\">Weiter<\/a><\/div><\/li>\n<li><div class=\"wp-block-latest-posts__featured-image alignleft\"><img loading=\"lazy\" decoding=\"async\" width=\"150\" height=\"150\" src=\"https:\/\/photos.weberfam07.de\/wp-content\/uploads\/2023\/06\/20230528_175757-150x150.jpg\" class=\"attachment-thumbnail size-thumbnail wp-post-image\" alt=\"\" style=\"max-width:150px;max-height:150px;\" srcset=\"https:\/\/photos.weberfam07.de\/wp-content\/uploads\/2023\/06\/20230528_175757-150x150.jpg 150w, https:\/\/photos.weberfam07.de\/wp-content\/uploads\/2023\/06\/20230528_175757-300x300.jpg 300w, https:\/\/photos.weberfam07.de\/wp-content\/uploads\/2023\/06\/20230528_175757.jpg 320w\" sizes=\"auto, (max-width: 150px) 100vw, 150px\" \/><\/div><a class=\"wp-block-latest-posts__post-title\" href=\"https:\/\/photos.weberfam07.de\/?p=1061\">Mai 2023<\/a><div class=\"wp-block-latest-posts__post-excerpt\">Der Mai beginnt mit viel \ud83c\udf1e\ud83c\udf1e. Wir setzen unsere Berliner Spazierg\u00e4nge fort und beginnen mit einer langen Wanderung vom Breitenbachplatz bis zum Grunewald und zur\u00fcck. &hellip; <a href=\"https:\/\/photos.weberfam07.de\/?p=1061\">Weiter<\/a><\/div><\/li>\n<li><div class=\"wp-block-latest-posts__featured-image alignleft\"><img loading=\"lazy\" decoding=\"async\" width=\"150\" height=\"150\" src=\"https:\/\/photos.weberfam07.de\/wp-content\/uploads\/2023\/04\/20230410_165236-150x150.jpg\" class=\"attachment-thumbnail size-thumbnail wp-post-image\" alt=\"\" style=\"max-width:150px;max-height:150px;\" srcset=\"https:\/\/photos.weberfam07.de\/wp-content\/uploads\/2023\/04\/20230410_165236-150x150.jpg 150w, https:\/\/photos.weberfam07.de\/wp-content\/uploads\/2023\/04\/20230410_165236-300x300.jpg 300w, https:\/\/photos.weberfam07.de\/wp-content\/uploads\/2023\/04\/20230410_165236.jpg 320w\" sizes=\"auto, (max-width: 150px) 100vw, 150px\" \/><\/div><a class=\"wp-block-latest-posts__post-title\" href=\"https:\/\/photos.weberfam07.de\/?p=1040\">April 2023<\/a><div class=\"wp-block-latest-posts__post-excerpt\">Im April fliegen wir alle nach Rum\u00e4nien. Nach unserer R\u00fcckkehr hat Philipp Geburtstag &#8230; schaut mal, was f\u00fcr ein tolles Monopoly-Spiel \ud83c\udfb2 Carolin &amp; Luis &hellip; <a href=\"https:\/\/photos.weberfam07.de\/?p=1040\">Weiter<\/a><\/div><\/li>\n<li><div class=\"wp-block-latest-posts__featured-image alignleft\"><img loading=\"lazy\" decoding=\"async\" width=\"150\" height=\"150\" src=\"https:\/\/photos.weberfam07.de\/wp-content\/uploads\/2023\/03\/20230308_140334-150x150.jpg\" class=\"attachment-thumbnail size-thumbnail wp-post-image\" alt=\"\" style=\"max-width:150px;max-height:150px;\" srcset=\"https:\/\/photos.weberfam07.de\/wp-content\/uploads\/2023\/03\/20230308_140334-150x150.jpg 150w, https:\/\/photos.weberfam07.de\/wp-content\/uploads\/2023\/03\/20230308_140334-300x300.jpg 300w, https:\/\/photos.weberfam07.de\/wp-content\/uploads\/2023\/03\/20230308_140334.jpg 320w\" sizes=\"auto, (max-width: 150px) 100vw, 150px\" \/><\/div><a class=\"wp-block-latest-posts__post-title\" href=\"https:\/\/photos.weberfam07.de\/?p=1038\">M\u00e4rz 2023<\/a><div class=\"wp-block-latest-posts__post-excerpt\">Endlich M\u00e4rz. Jetzt muss das Wetter ja endlich einmal \ud83c\udf1e\ud83c\udf1e\ud83c\udf21 werden, oder? Aber nein &#8230; p\u00fcnktlich zum Weltfrauentag haben wir \u2744\u2744. Was uns nicht davon &hellip; <a href=\"https:\/\/photos.weberfam07.de\/?p=1038\">Weiter<\/a><\/div><\/li>\n<li><div class=\"wp-block-latest-posts__featured-image alignleft\"><img loading=\"lazy\" decoding=\"async\" width=\"150\" height=\"150\" src=\"https:\/\/photos.weberfam07.de\/wp-content\/uploads\/2023\/02\/20230226_111823-150x150.jpg\" class=\"attachment-thumbnail size-thumbnail wp-post-image\" alt=\"\" style=\"max-width:150px;max-height:150px;\" srcset=\"https:\/\/photos.weberfam07.de\/wp-content\/uploads\/2023\/02\/20230226_111823-150x150.jpg 150w, https:\/\/photos.weberfam07.de\/wp-content\/uploads\/2023\/02\/20230226_111823-300x300.jpg 300w, https:\/\/photos.weberfam07.de\/wp-content\/uploads\/2023\/02\/20230226_111823.jpg 320w\" sizes=\"auto, (max-width: 150px) 100vw, 150px\" \/><\/div><a class=\"wp-block-latest-posts__post-title\" href=\"https:\/\/photos.weberfam07.de\/?p=1003\">Februar 2023<\/a><div class=\"wp-block-latest-posts__post-excerpt\">Der zweite Monat im Jahr und das Wetter wird nicht besser .\ud83d\ude12\u2601\ud83c\udf27\ud83c\udf28\u26c5. Trotzdem schaffen wir es ab und zu aus der Wohnung und setzen unsere &hellip; <a href=\"https:\/\/photos.weberfam07.de\/?p=1003\">Weiter<\/a><\/div><\/li>\n<li><div class=\"wp-block-latest-posts__featured-image alignleft\"><img loading=\"lazy\" decoding=\"async\" width=\"150\" height=\"150\" src=\"https:\/\/photos.weberfam07.de\/wp-content\/uploads\/2023\/01\/20230101_155359-150x150.jpg\" class=\"attachment-thumbnail size-thumbnail wp-post-image\" alt=\"\" style=\"max-width:150px;max-height:150px;\" srcset=\"https:\/\/photos.weberfam07.de\/wp-content\/uploads\/2023\/01\/20230101_155359-150x150.jpg 150w, https:\/\/photos.weberfam07.de\/wp-content\/uploads\/2023\/01\/20230101_155359-300x300.jpg 300w, https:\/\/photos.weberfam07.de\/wp-content\/uploads\/2023\/01\/20230101_155359.jpg 320w\" sizes=\"auto, (max-width: 150px) 100vw, 150px\" \/><\/div><a class=\"wp-block-latest-posts__post-title\" href=\"https:\/\/photos.weberfam07.de\/?p=907\">Januar 2023<\/a><div class=\"wp-block-latest-posts__post-excerpt\">&#8230; wir sind gut angekommen im neuen Jahr. Der erste Januartag beginnt mit zweistelligen Temperaturen und Sonnenschein \ud83c\udf1e. Wir machen eine Stadtrallye durch die Innenstadt, &hellip; <a href=\"https:\/\/photos.weberfam07.de\/?p=907\">Weiter<\/a><\/div><\/li>\n<\/ul>","protected":false},"excerpt":{"rendered":"","protected":false},"author":1,"featured_media":0,"parent":0,"menu_order":0,"comment_status":"closed","ping_status":"closed","template":"","meta":{"kt_blocks_editor_width":"","footnotes":""},"class_list":["post-910","page","type-page","status-publish","hentry"],"_links":{"self":[{"href":"https:\/\/photos.weberfam07.de\/index.php?rest_route=\/wp\/v2\/pages\/910","targetHints":{"allow":["GET"]}}],"collection":[{"href":"https:\/\/photos.weberfam07.de\/index.php?rest_route=\/wp\/v2\/pages"}],"about":[{"href":"https:\/\/photos.weberfam07.de\/index.php?rest_route=\/wp\/v2\/types\/page"}],"author":[{"embeddable":true,"href":"https:\/\/photos.weberfam07.de\/index.php?rest_route=\/wp\/v2\/users\/1"}],"replies":[{"embeddable":true,"href":"https:\/\/photos.weberfam07.de\/index.php?rest_route=%2Fwp%2Fv2%2Fcomments&post=910"}],"version-history":[{"count":1,"href":"https:\/\/photos.weberfam07.de\/index.php?rest_route=\/wp\/v2\/pages\/910\/revisions"}],"predecessor-version":[{"id":911,"href":"https:\/\/photos.weberfam07.de\/index.php?rest_route=\/wp\/v2\/pages\/910\/revisions\/911"}],"wp:attachment":[{"href":"https:\/\/photos.weberfam07.de\/index.php?rest_route=%2Fwp%2Fv2%2Fmedia&parent=910"}],"curies":[{"name":"wp","href":"https:\/\/api.w.org\/{rel}","templated":true}]}}